{"id":752,"date":"2026-01-15T10:23:53","date_gmt":"2026-01-15T10:23:53","guid":{"rendered":"https:\/\/security-zone.dk\/?page_id=752"},"modified":"2026-02-09T12:01:51","modified_gmt":"2026-02-09T12:01:51","slug":"rechtsabteilung","status":"publish","type":"page","link":"https:\/\/security-zone.dk\/de\/rechtsabteilung\/","title":{"rendered":"Rechtsabteilung - Telefon +45 7060 3966"},"content":{"rendered":"<style>.elementor-752 .elementor-element.elementor-element-781da6ac{--display:flex;--min-height:500px;--flex-direction:column;--container-widget-width:100%;--container-widget-height:initial;--container-widget-flex-grow:0;--container-widget-align-self:initial;--flex-wrap-mobile:wrap;--gap:0px 0px;--row-gap:0px;--column-gap:0px;--overlay-opacity:0.4;--padding-top:60px;--padding-bottom:40px;--padding-left:0px;--padding-right:0px;}.elementor-752 .elementor-element.elementor-element-781da6ac:not(.elementor-motion-effects-element-type-background), .elementor-752 .elementor-element.elementor-element-781da6ac > .elementor-motion-effects-container > .elementor-motion-effects-layer{background-image:url(\"https:\/\/security-zone.dk\/wp-content\/uploads\/2025\/12\/security-zone-contact-1225-2.jpg\");background-position:center right;background-repeat:no-repeat;background-size:cover;}.elementor-752 .elementor-element.elementor-element-781da6ac::before, .elementor-752 .elementor-element.elementor-element-781da6ac > .elementor-background-video-container::before, .elementor-752 .elementor-element.elementor-element-781da6ac > .e-con-inner > .elementor-background-video-container::before, .elementor-752 .elementor-element.elementor-element-781da6ac > .elementor-background-slideshow::before, .elementor-752 .elementor-element.elementor-element-781da6ac > .e-con-inner > .elementor-background-slideshow::before, .elementor-752 .elementor-element.elementor-element-781da6ac > .elementor-motion-effects-container > .elementor-motion-effects-layer::before{--background-overlay:'';background-color:var( --e-global-color-primary );}.elementor-752 .elementor-element.elementor-element-5c854f3{--display:flex;--flex-direction:row;--container-widget-width:calc( ( 1 - var( --container-widget-flex-grow ) ) * 100% );--container-widget-height:100%;--container-widget-flex-grow:1;--container-widget-align-self:stretch;--flex-wrap-mobile:wrap;--justify-content:space-between;--align-items:center;--gap:0px 0px;--row-gap:0px;--column-gap:0px;--padding-top:46px;--padding-bottom:106px;--padding-left:0px;--padding-right:0px;}.elementor-752 .elementor-element.elementor-element-17ac4c1a{--display:flex;--gap:20px 0px;--row-gap:20px;--column-gap:0px;--padding-top:0px;--padding-bottom:0px;--padding-left:0px;--padding-right:0px;}.elementor-752 .elementor-element.elementor-element-17ac4c1a.e-con{--flex-grow:0;--flex-shrink:0;}.elementor-752 .elementor-element.elementor-element-e4cc68f .elementor-heading-title{font-family:\"Manrope\", Sans-serif;font-size:45px;font-weight:700;line-height:1.1em;color:var( --e-global-color-b820c45 );}.elementor-752 .elementor-element.elementor-element-e4cc68f{margin:0px 0px calc(var(--kit-widget-spacing, 0px) + 0px) 0px;padding:0px 0px 0px 0px;}.elementor-752 .elementor-element.elementor-element-ce63c4b{font-size:20px;color:var( --e-global-color-b820c45 );padding:0px 0px 0px 0px;}.elementor-752 .elementor-element.elementor-element-49f854e .elementor-button{font-size:14px;font-weight:700;text-transform:uppercase;letter-spacing:0.3px;background-color:var( --e-global-color-88085b2 );padding:17px 38px 17px 38px;}.elementor-752 .elementor-element.elementor-element-49f854e .elementor-button:hover, .elementor-752 .elementor-element.elementor-element-49f854e .elementor-button:focus{background-color:var( --e-global-color-primary );}.elementor-752 .elementor-element.elementor-element-36f74892{--display:flex;--flex-direction:column;--container-widget-width:100%;--container-widget-height:initial;--container-widget-flex-grow:0;--container-widget-align-self:initial;--flex-wrap-mobile:wrap;--gap:0px 0px;--row-gap:0px;--column-gap:0px;--padding-top:100px;--padding-bottom:80px;--padding-left:0px;--padding-right:0px;}.elementor-752 .elementor-element.elementor-element-386f5398{--display:flex;--flex-direction:row;--container-widget-width:calc( ( 1 - var( --container-widget-flex-grow ) ) * 100% );--container-widget-height:100%;--container-widget-flex-grow:1;--container-widget-align-self:stretch;--flex-wrap-mobile:wrap;--justify-content:space-between;--align-items:flex-start;--gap:0px 0px;--row-gap:0px;--column-gap:0px;--padding-top:20px;--padding-bottom:0px;--padding-left:0px;--padding-right:0px;}.elementor-752 .elementor-element.elementor-element-7c2b2721{--display:flex;--gap:20px 0px;--row-gap:20px;--column-gap:0px;--padding-top:0px;--padding-bottom:0px;--padding-left:0px;--padding-right:50px;}.elementor-752 .elementor-element.elementor-element-853e728 .elementor-heading-title{font-size:2.4em;font-weight:700;}.elementor-752 .elementor-element.elementor-element-1680b58 .elementor-button{font-size:14px;font-weight:700;text-transform:uppercase;text-decoration:none;letter-spacing:0.3px;background-color:var( --e-global-color-88085b2 );padding:17px 38px 17px 38px;}.elementor-752 .elementor-element.elementor-element-1680b58 .elementor-button:hover, .elementor-752 .elementor-element.elementor-element-1680b58 .elementor-button:focus{background-color:var( --e-global-color-primary );}.elementor-752 .elementor-element.elementor-element-c6d025c{font-size:18px;line-height:1.5em;color:var( --e-global-color-secondary );padding:0px 25px 0px 0px;}.elementor-752 .elementor-element.elementor-element-c6d025c a{color:var( --e-global-color-secondary );}.elementor-752 .elementor-element.elementor-element-64eeb36f{--display:flex;--gap:0px 0px;--row-gap:0px;--column-gap:0px;--padding-top:0px;--padding-bottom:0px;--padding-left:0px;--padding-right:0px;}.elementor-752 .elementor-element.elementor-element-c5407fd{--display:flex;--flex-direction:column;--container-widget-width:100%;--container-widget-height:initial;--container-widget-flex-grow:0;--container-widget-align-self:initial;--flex-wrap-mobile:wrap;--padding-top:0px;--padding-bottom:040px;--padding-left:0px;--padding-right:0px;}.elementor-752 .elementor-element.elementor-element-55581ae .elementor-heading-title{font-size:40px;font-weight:700;}.elementor-752 .elementor-element.elementor-element-43ba32e{color:var( --e-global-color-secondary );margin:0px 0px calc(var(--kit-widget-spacing, 0px) + 0px) 0px;padding:0px 0px 0px 0px;}.elementor-752 .elementor-element.elementor-element-43ba32e a{color:var( --e-global-color-secondary );}.elementor-752 .elementor-element.elementor-element-ad9e07a .elementor-heading-title{font-size:40px;font-weight:700;}.elementor-752 .elementor-element.elementor-element-ad9e07a{margin:0px 0px calc(var(--kit-widget-spacing, 0px) + 0px) 0px;padding:0px 0px 0px 0px;}.elementor-752 .elementor-element.elementor-element-e485984{color:var( --e-global-color-secondary );margin:0px 0px calc(var(--kit-widget-spacing, 0px) + 0px) 0px;padding:0px 0px 0px 0px;}.elementor-752 .elementor-element.elementor-element-e485984 a{color:var( --e-global-color-secondary );}.elementor-752 .elementor-element.elementor-element-cf260fb .elementor-heading-title{font-size:40px;font-weight:700;}.elementor-752 .elementor-element.elementor-element-cf260fb{margin:0px 0px calc(var(--kit-widget-spacing, 0px) + 0px) 0px;padding:0px 0px 0px 0px;}.elementor-752 .elementor-element.elementor-element-99d15ef{color:var( --e-global-color-secondary );margin:0px 0px calc(var(--kit-widget-spacing, 0px) + 0px) 0px;padding:0px 0px 0px 0px;}.elementor-752 .elementor-element.elementor-element-99d15ef a{color:var( --e-global-color-secondary );}.elementor-752 .elementor-element.elementor-element-4fb48c2 .elementor-heading-title{font-size:40px;font-weight:700;}.elementor-752 .elementor-element.elementor-element-4fb48c2{margin:0px 0px calc(var(--kit-widget-spacing, 0px) + 0px) 0px;padding:0px 0px 0px 0px;}.elementor-752 .elementor-element.elementor-element-f81a894{color:var( --e-global-color-secondary );margin:0px 0px calc(var(--kit-widget-spacing, 0px) + 0px) 0px;padding:0px 0px 0px 0px;}.elementor-752 .elementor-element.elementor-element-f81a894 a{color:var( --e-global-color-secondary );}:root{--page-title-display:none;}@media(max-width:1024px){.elementor-752 .elementor-element.elementor-element-781da6ac{--padding-top:60px;--padding-bottom:60px;--padding-left:40px;--padding-right:40px;}.elementor-752 .elementor-element.elementor-element-e4cc68f .elementor-heading-title{font-size:4.11rem;}.elementor-752 .elementor-element.elementor-element-36f74892{--padding-top:44px;--padding-bottom:64px;--padding-left:40px;--padding-right:40px;}.elementor-752 .elementor-element.elementor-element-386f5398{--flex-wrap:wrap;}}@media(max-width:767px){.elementor-752 .elementor-element.elementor-element-781da6ac:not(.elementor-motion-effects-element-type-background), .elementor-752 .elementor-element.elementor-element-781da6ac > .elementor-motion-effects-container > .elementor-motion-effects-layer{background-position:top center;}.elementor-752 .elementor-element.elementor-element-781da6ac{--padding-top:64px;--padding-bottom:84px;--padding-left:32px;--padding-right:32px;}.elementor-752 .elementor-element.elementor-element-5c854f3{--padding-top:20px;--padding-bottom:0px;--padding-left:0px;--padding-right:0px;}.elementor-752 .elementor-element.elementor-element-17ac4c1a{--padding-top:0px;--padding-bottom:0px;--padding-left:0px;--padding-right:0px;}.elementor-752 .elementor-element.elementor-element-e4cc68f .elementor-heading-title{font-size:2rem;line-height:1.2em;}.elementor-752 .elementor-element.elementor-element-36f74892{--padding-top:44px;--padding-bottom:64px;--padding-left:32px;--padding-right:32px;}.elementor-752 .elementor-element.elementor-element-7c2b2721{--padding-top:0px;--padding-bottom:0px;--padding-left:0px;--padding-right:0px;}.elementor-752 .elementor-element.elementor-element-853e728 .elementor-heading-title{font-size:1.6em;line-height:1.2em;}.elementor-752 .elementor-element.elementor-element-1680b58 .elementor-button{padding:16px 16px 16px 16px;}.elementor-752 .elementor-element.elementor-element-c6d025c{padding:0px 0px 0px 0px;}.elementor-752 .elementor-element.elementor-element-64eeb36f{--padding-top:64px;--padding-bottom:0px;--padding-left:0px;--padding-right:0px;}}@media(min-width:768px){.elementor-752 .elementor-element.elementor-element-17ac4c1a{--width:59%;}.elementor-752 .elementor-element.elementor-element-7c2b2721{--width:65%;}.elementor-752 .elementor-element.elementor-element-64eeb36f{--width:50.88%;}.elementor-752 .elementor-element.elementor-element-c5407fd{--content-width:1000px;}}@media(max-width:1024px) and (min-width:768px){.elementor-752 .elementor-element.elementor-element-7c2b2721{--width:54%;}.elementor-752 .elementor-element.elementor-element-64eeb36f{--width:44%;}}<\/style>\t\t<div data-elementor-type=\"wp-page\" data-elementor-id=\"752\" class=\"elementor elementor-752\" data-elementor-post-type=\"page\">\n\t\t\t\t<div class=\"elementor-element elementor-element-781da6ac e-flex e-con-boxed e-con e-parent\" data-id=\"781da6ac\" data-element_type=\"container\" data-e-type=\"container\" data-settings=\"{&quot;background_background&quot;:&quot;classic&quot;}\">\n\t\t\t\t\t<div class=\"e-con-inner\">\n\t\t<div class=\"elementor-element elementor-element-5c854f3 e-flex e-con-boxed e-con e-child\" data-id=\"5c854f3\" data-element_type=\"container\" data-e-type=\"container\">\n\t\t\t\t\t<div class=\"e-con-inner\">\n\t\t<div class=\"elementor-element elementor-element-17ac4c1a e-con-full e-flex e-con e-child\" data-id=\"17ac4c1a\" data-element_type=\"container\" data-e-type=\"container\">\n\t\t\t\t<div class=\"elementor-element elementor-element-e4cc68f elementor-invisible elementor-widget elementor-widget-heading\" data-id=\"e4cc68f\" data-element_type=\"widget\" data-e-type=\"widget\" data-settings=\"{&quot;_animation&quot;:&quot;fadeInDown&quot;}\" data-widget_type=\"heading.default\">\n\t\t\t\t\t<h1 class=\"elementor-heading-title elementor-size-default\">Kontakt mit der Rechtsabteilung<\/h1>\t\t\t\t<\/div>\n\t\t\t\t<div class=\"elementor-element elementor-element-ce63c4b elementor-widget elementor-widget-text-editor\" data-id=\"ce63c4b\" data-element_type=\"widget\" data-e-type=\"widget\" data-widget_type=\"text-editor.default\">\n\t\t\t\t\t\t\t\t\t<p data-start=\"405\" data-end=\"590\">Kontakt zur Abteilung hier\u00a0<\/p>\t\t\t\t\t\t\t\t<\/div>\n\t\t\t\t<div class=\"elementor-element elementor-element-49f854e elementor-widget elementor-widget-button\" data-id=\"49f854e\" data-element_type=\"widget\" data-e-type=\"widget\" data-widget_type=\"button.default\">\n\t\t\t\t\t\t\t\t\t\t<a class=\"elementor-button elementor-button-link elementor-size-lg\" href=\"http:\/\/lars@advokat-bollerup-partners.dk\" target=\"_blank\" rel=\"noopener\">\n\t\t\t\t\t\t<span class=\"elementor-button-content-wrapper\">\n\t\t\t\t\t\t\t\t\t<span class=\"elementor-button-text\">Kontaktieren Sie uns hier<\/span>\n\t\t\t\t\t<\/span>\n\t\t\t\t\t<\/a>\n\t\t\t\t\t\t\t\t<\/div>\n\t\t\t\t<\/div>\n\t\t\t\t\t<\/div>\n\t\t\t\t<\/div>\n\t\t\t\t\t<\/div>\n\t\t\t\t<\/div>\n\t\t<div class=\"elementor-element elementor-element-36f74892 e-flex e-con-boxed e-con e-parent\" data-id=\"36f74892\" data-element_type=\"container\" data-e-type=\"container\">\n\t\t\t\t\t<div class=\"e-con-inner\">\n\t\t<div class=\"elementor-element elementor-element-386f5398 e-flex e-con-boxed e-con e-child\" data-id=\"386f5398\" data-element_type=\"container\" data-e-type=\"container\">\n\t\t\t\t\t<div class=\"e-con-inner\">\n\t\t<div class=\"elementor-element elementor-element-7c2b2721 e-con-full e-flex e-con e-child\" data-id=\"7c2b2721\" data-element_type=\"container\" data-e-type=\"container\">\n\t\t\t\t<div class=\"elementor-element elementor-element-853e728 elementor-widget elementor-widget-heading\" data-id=\"853e728\" data-element_type=\"widget\" data-e-type=\"widget\" data-widget_type=\"heading.default\">\n\t\t\t\t\t<h2 class=\"elementor-heading-title elementor-size-default\">Womit k\u00f6nnen wir Ihnen helfen?<\/h2>\t\t\t\t<\/div>\n\t\t\t\t<div class=\"elementor-element elementor-element-1680b58 elementor-mobile-align-justify elementor-widget elementor-widget-button\" data-id=\"1680b58\" data-element_type=\"widget\" data-e-type=\"widget\" data-widget_type=\"button.default\">\n\t\t\t\t\t\t\t\t\t\t<a class=\"elementor-button elementor-button-link elementor-size-lg\" href=\"mailto:contact@security-zone.dk%20%20\">\n\t\t\t\t\t\t<span class=\"elementor-button-content-wrapper\">\n\t\t\t\t\t\t\t\t\t<span class=\"elementor-button-text\">Kontakt zur Rechtsabteilung<\/span>\n\t\t\t\t\t<\/span>\n\t\t\t\t\t<\/a>\n\t\t\t\t\t\t\t\t<\/div>\n\t\t\t\t<div class=\"elementor-element elementor-element-c6d025c elementor-widget elementor-widget-text-editor\" data-id=\"c6d025c\" data-element_type=\"widget\" data-e-type=\"widget\" data-widget_type=\"text-editor.default\">\n\t\t\t\t\t\t\t\t\t<p>Brauchen Sie rechtliche Klarheit und schnelle, sichere Antworten?<br \/><br \/>Unsere Anw\u00e4lte verstehen sowohl das Recht als auch das Gesch\u00e4ft. Das bedeutet, dass Sie klare Empfehlungen erhalten, die sofort in die Tat umgesetzt werden k\u00f6nnen.<\/p><p>Rufen Sie uns direkt an oder schicken Sie uns eine E-Mail - wir melden uns schnell bei Ihnen. Bei Security Zone ist Rechtssicherheit ein Teil Ihres Seelenfriedens.<\/p><p>Mit freundlichen Gr\u00fc\u00dfen<\/p><p>Rechtsabteilung<br \/>Telefon: <a href=\"tel:+4570603966\">+45 70 60 39 66<\/a><\/p>\t\t\t\t\t\t\t\t<\/div>\n\t\t\t\t<\/div>\n\t\t<div class=\"elementor-element elementor-element-64eeb36f e-con-full elementor-hidden-mobile e-flex e-con e-child\" data-id=\"64eeb36f\" data-element_type=\"container\" data-e-type=\"container\">\n\t\t\t\t<\/div>\n\t\t\t\t\t<\/div>\n\t\t\t\t<\/div>\n\t\t\t\t\t<\/div>\n\t\t\t\t<\/div>\n\t\t<div class=\"elementor-element elementor-element-c5407fd elementor-hidden-desktop elementor-hidden-tablet elementor-hidden-mobile e-flex e-con-boxed e-con e-parent\" data-id=\"c5407fd\" data-element_type=\"container\" data-e-type=\"container\">\n\t\t\t\t\t<div class=\"e-con-inner\">\n\t\t\t\t<div class=\"elementor-element elementor-element-55581ae elementor-widget elementor-widget-heading\" data-id=\"55581ae\" data-element_type=\"widget\" data-e-type=\"widget\" data-widget_type=\"heading.default\">\n\t\t\t\t\t<h2 class=\"elementor-heading-title elementor-size-default\">Wer wir sind<\/h2>\t\t\t\t<\/div>\n\t\t\t\t<div class=\"elementor-element elementor-element-43ba32e elementor-widget elementor-widget-text-editor\" data-id=\"43ba32e\" data-element_type=\"widget\" data-e-type=\"widget\" data-widget_type=\"text-editor.default\">\n\t\t\t\t\t\t\t\t\t<p>Wir sind ein etablierter Anbieter von professionellen Sicherheitsl\u00f6sungen, bei denen Kompetenz und Zuverl\u00e4ssigkeit im Vordergrund stehen. Unser Team besteht aus gut ausgebildeten Fachleuten, die jede Aufgabe mit Wachsamkeit und Entschlossenheit angehen. Vom bemannten Wachdienst bis hin zu Spezialeinheiten bieten wir eine breite Palette von Dienstleistungen, die Ihnen Sicherheit geben - ganz gleich, was Sie ben\u00f6tigen.<\/p>\t\t\t\t\t\t\t\t<\/div>\n\t\t\t\t<div class=\"elementor-element elementor-element-ad9e07a elementor-widget elementor-widget-heading\" data-id=\"ad9e07a\" data-element_type=\"widget\" data-e-type=\"widget\" data-widget_type=\"heading.default\">\n\t\t\t\t\t<h3 class=\"elementor-heading-title elementor-size-default\">Was wir anbieten\n<\/h3>\t\t\t\t<\/div>\n\t\t\t\t<div class=\"elementor-element elementor-element-e485984 elementor-widget elementor-widget-text-editor\" data-id=\"e485984\" data-element_type=\"widget\" data-e-type=\"widget\" data-widget_type=\"text-editor.default\">\n\t\t\t\t\t\t\t\t\t<p>Wir liefern flexible Sicherheitsl\u00f6sungen, die auf Ihre spezifischen Anforderungen zugeschnitten sind:<\/p><ul><li><b>Bemannte Wache<\/b> - Professionelles Sicherheitspersonal f\u00fcr Unternehmen, Veranstaltungen und Privatbesitz.<\/li><li><b>K9 Wache<\/b> - Spezialisierte Einheiten mit Hunden zur Erkennung und zum Schutz vor Bedrohungen.<\/li><li><b>Schl\u00fcsselaufbewahrung und Notfallvorsorge<\/b> - Sichere 24\/7-Schl\u00fcsselaufbewahrung und schnelle Alarmreaktion.<\/li><li><b>Schutz der Baustelle<\/b> - Wirksamer Schutz von Baustellen vor Diebstahl, Vandalismus und unbefugtem Zutritt.<\/li><li><b>Sicherheit der Veranstaltung<\/b> - Sicherheitsdienste bei \u00f6ffentlichen und privaten Veranstaltungen.<\/li><li><b>Personenschutz \/ VIP-Sicherheit<\/b> - Diskreter und zuverl\u00e4ssiger Schutz f\u00fcr spezielle Anwendungen.<\/li><\/ul>\t\t\t\t\t\t\t\t<\/div>\n\t\t\t\t<div class=\"elementor-element elementor-element-cf260fb elementor-widget elementor-widget-heading\" data-id=\"cf260fb\" data-element_type=\"widget\" data-e-type=\"widget\" data-widget_type=\"heading.default\">\n\t\t\t\t\t<h2 class=\"elementor-heading-title elementor-size-default\">Unser Auftrag\n<\/h2>\t\t\t\t<\/div>\n\t\t\t\t<div class=\"elementor-element elementor-element-99d15ef elementor-widget elementor-widget-text-editor\" data-id=\"99d15ef\" data-element_type=\"widget\" data-e-type=\"widget\" data-widget_type=\"text-editor.default\">\n\t\t\t\t\t\t\t\t\t<p>Wir wollen ein sicheres Umfeld schaffen, indem wir vertrauensw\u00fcrdige und zielgerichtete Sicherheitsl\u00f6sungen anbieten, die Ihnen ein gutes Gef\u00fchl geben.<\/p>\t\t\t\t\t\t\t\t<\/div>\n\t\t\t\t<div class=\"elementor-element elementor-element-4fb48c2 elementor-widget elementor-widget-heading\" data-id=\"4fb48c2\" data-element_type=\"widget\" data-e-type=\"widget\" data-widget_type=\"heading.default\">\n\t\t\t\t\t<h2 class=\"elementor-heading-title elementor-size-default\">Unsere Werte\n<\/h2>\t\t\t\t<\/div>\n\t\t\t\t<div class=\"elementor-element elementor-element-f81a894 elementor-widget elementor-widget-text-editor\" data-id=\"f81a894\" data-element_type=\"widget\" data-e-type=\"widget\" data-widget_type=\"text-editor.default\">\n\t\t\t\t\t\t\t\t\t<p><b>Professionalit\u00e4t:<\/b> Wir halten hohe Standards in unserer Arbeit und unserem Verhalten ein. Unser Team besteht aus erfahrenen Fachleuten, die daf\u00fcr sorgen, dass jeder Auftrag mit Pr\u00e4zision und Sorgfalt ausgef\u00fchrt wird - ganz gleich, wie gro\u00df die Aufgabe ist.<\/p><p><b>Integrit\u00e4t:<\/b> Glaubw\u00fcrdigkeit und Offenheit sind die Grundlage unserer Zusammenarbeit. Wir kommunizieren ehrlich und transparent, so dass Sie stets Vertrauen in unsere Beratung und unsere L\u00f6sungen haben k\u00f6nnen.<\/p><p><b>Verl\u00e4sslichkeit:<\/b> Wir sind bereit, wenn der Bedarf entsteht. Sie k\u00f6nnen sich darauf verlassen, dass wir Vereinbarungen einhalten und unsere Dienstleistungen p\u00fcnktlich erbringen, so dass Sie sich nie Sorgen um Ihre Sicherheit machen m\u00fcssen.<\/p><p><b>Innovation:<\/b> Wir verfolgen die Entwicklungen in der Branche und wenden neue Methoden an, wenn sie die Sicherheit erh\u00f6hen. Indem wir unser Wissen und unsere Technologie st\u00e4ndig auf den neuesten Stand bringen, k\u00f6nnen wir moderne und wirksame L\u00f6sungen anbieten, die Sie auf bestm\u00f6gliche Weise sch\u00fctzen.<\/p>\t\t\t\t\t\t\t\t<\/div>\n\t\t\t\t\t<\/div>\n\t\t\t\t<\/div>\n\t\t\t\t<\/div>","protected":false},"excerpt":{"rendered":"<p>Kontakt den Juridiske afdeling Kontakt afdeling her\u00a0 Kontakt her Hvad kan vi hj\u00e6lpe med? Kontakt Juridisk afdeling Har du brug for juridisk klarhed og hurtige, sikre svar? Vores jurister forst\u00e5r b\u00e5de juraen og forretningen. Det betyder, at du f\u00e5r klare anbefalinger, der kan oms\u00e6ttes til handling med det samme. Ring direkte eller send en mail [&hellip;]<\/p>\n","protected":false},"author":2,"featured_media":685,"parent":0,"menu_order":0,"comment_status":"closed","ping_status":"closed","template":"","meta":{"inline_featured_image":false,"_themeisle_gutenberg_block_has_review":false,"footnotes":""},"class_list":["post-752","page","type-page","status-publish","has-post-thumbnail","hentry"],"_links":{"self":[{"href":"https:\/\/security-zone.dk\/de\/wp-json\/wp\/v2\/pages\/752","targetHints":{"allow":["GET"]}}],"collection":[{"href":"https:\/\/security-zone.dk\/de\/wp-json\/wp\/v2\/pages"}],"about":[{"href":"https:\/\/security-zone.dk\/de\/wp-json\/wp\/v2\/types\/page"}],"author":[{"embeddable":true,"href":"https:\/\/security-zone.dk\/de\/wp-json\/wp\/v2\/users\/2"}],"replies":[{"embeddable":true,"href":"https:\/\/security-zone.dk\/de\/wp-json\/wp\/v2\/comments?post=752"}],"version-history":[{"count":10,"href":"https:\/\/security-zone.dk\/de\/wp-json\/wp\/v2\/pages\/752\/revisions"}],"predecessor-version":[{"id":935,"href":"https:\/\/security-zone.dk\/de\/wp-json\/wp\/v2\/pages\/752\/revisions\/935"}],"wp:featuredmedia":[{"embeddable":true,"href":"https:\/\/security-zone.dk\/de\/wp-json\/wp\/v2\/media\/685"}],"wp:attachment":[{"href":"https:\/\/security-zone.dk\/de\/wp-json\/wp\/v2\/media?parent=752"}],"curies":[{"name":"wp","href":"https:\/\/api.w.org\/{rel}","templated":true}]}}