{"id":788,"date":"2026-01-27T10:42:22","date_gmt":"2026-01-27T10:42:22","guid":{"rendered":"https:\/\/security-zone.dk\/?page_id=788"},"modified":"2026-02-09T11:22:29","modified_gmt":"2026-02-09T11:22:29","slug":"courier-and-security-transport","status":"publish","type":"page","link":"https:\/\/security-zone.dk\/en\/courier-and-security-transport\/","title":{"rendered":"Professional courier and security transport throughout Denmark"},"content":{"rendered":"<style>.elementor-788 .elementor-element.elementor-element-781da6ac{--display:flex;--min-height:500px;--flex-direction:column;--container-widget-width:100%;--container-widget-height:initial;--container-widget-flex-grow:0;--container-widget-align-self:initial;--flex-wrap-mobile:wrap;--gap:0px 0px;--row-gap:0px;--column-gap:0px;--overlay-opacity:0.4;--padding-top:60px;--padding-bottom:40px;--padding-left:0px;--padding-right:0px;}.elementor-788 .elementor-element.elementor-element-781da6ac:not(.elementor-motion-effects-element-type-background), .elementor-788 .elementor-element.elementor-element-781da6ac > .elementor-motion-effects-container > .elementor-motion-effects-layer{background-image:url(\"https:\/\/security-zone.dk\/wp-content\/uploads\/2026\/01\/security-zone-sikkerhedstransport-0126-2.jpg\");background-position:center right;background-repeat:no-repeat;background-size:cover;}.elementor-788 .elementor-element.elementor-element-781da6ac::before, .elementor-788 .elementor-element.elementor-element-781da6ac > .elementor-background-video-container::before, .elementor-788 .elementor-element.elementor-element-781da6ac > .e-con-inner > .elementor-background-video-container::before, .elementor-788 .elementor-element.elementor-element-781da6ac > .elementor-background-slideshow::before, .elementor-788 .elementor-element.elementor-element-781da6ac > .e-con-inner > .elementor-background-slideshow::before, .elementor-788 .elementor-element.elementor-element-781da6ac > .elementor-motion-effects-container > .elementor-motion-effects-layer::before{--background-overlay:'';background-color:var( --e-global-color-primary );}.elementor-788 .elementor-element.elementor-element-5c854f3{--display:flex;--flex-direction:row;--container-widget-width:calc( ( 1 - var( --container-widget-flex-grow ) ) * 100% );--container-widget-height:100%;--container-widget-flex-grow:1;--container-widget-align-self:stretch;--flex-wrap-mobile:wrap;--justify-content:space-between;--align-items:center;--gap:0px 0px;--row-gap:0px;--column-gap:0px;--padding-top:46px;--padding-bottom:106px;--padding-left:0px;--padding-right:0px;}.elementor-788 .elementor-element.elementor-element-17ac4c1a{--display:flex;--gap:20px 0px;--row-gap:20px;--column-gap:0px;--padding-top:0px;--padding-bottom:0px;--padding-left:0px;--padding-right:0px;}.elementor-788 .elementor-element.elementor-element-17ac4c1a.e-con{--flex-grow:0;--flex-shrink:0;}.elementor-788 .elementor-element.elementor-element-e4cc68f .elementor-heading-title{font-family:\"Manrope\", Sans-serif;font-size:45px;font-weight:700;line-height:1.1em;color:var( --e-global-color-b820c45 );}.elementor-788 .elementor-element.elementor-element-e4cc68f{margin:0px 0px calc(var(--kit-widget-spacing, 0px) + 0px) 0px;padding:0px 0px 0px 0px;}.elementor-788 .elementor-element.elementor-element-ce63c4b{font-size:20px;color:var( --e-global-color-b820c45 );padding:0px 0px 0px 0px;width:var( --container-widget-width, 71% );max-width:71%;--container-widget-width:71%;--container-widget-flex-grow:0;}.elementor-788 .elementor-element.elementor-element-49f854e .elementor-button{font-size:14px;font-weight:700;text-transform:uppercase;letter-spacing:0.3px;background-color:var( --e-global-color-88085b2 );padding:17px 38px 17px 38px;}.elementor-788 .elementor-element.elementor-element-49f854e .elementor-button:hover, .elementor-788 .elementor-element.elementor-element-49f854e .elementor-button:focus{background-color:var( --e-global-color-primary );}.elementor-788 .elementor-element.elementor-element-36f74892{--display:flex;--flex-direction:column;--container-widget-width:100%;--container-widget-height:initial;--container-widget-flex-grow:0;--container-widget-align-self:initial;--flex-wrap-mobile:wrap;--gap:0px 0px;--row-gap:0px;--column-gap:0px;--padding-top:100px;--padding-bottom:80px;--padding-left:0px;--padding-right:0px;}.elementor-788 .elementor-element.elementor-element-386f5398{--display:flex;--flex-direction:row;--container-widget-width:calc( ( 1 - var( --container-widget-flex-grow ) ) * 100% );--container-widget-height:100%;--container-widget-flex-grow:1;--container-widget-align-self:stretch;--flex-wrap-mobile:wrap;--justify-content:space-between;--align-items:flex-start;--gap:0px 0px;--row-gap:0px;--column-gap:0px;--padding-top:20px;--padding-bottom:0px;--padding-left:0px;--padding-right:0px;}.elementor-788 .elementor-element.elementor-element-7c2b2721{--display:flex;--gap:20px 0px;--row-gap:20px;--column-gap:0px;--padding-top:0px;--padding-bottom:0px;--padding-left:0px;--padding-right:50px;}.elementor-788 .elementor-element.elementor-element-853e728 .elementor-heading-title{font-size:2.4em;font-weight:700;}.elementor-788 .elementor-element.elementor-element-c6d025c{font-size:17px;line-height:1.5em;color:var( --e-global-color-secondary );padding:0px 25px 0px 0px;}.elementor-788 .elementor-element.elementor-element-c6d025c a{color:var( --e-global-color-secondary );}.elementor-788 .elementor-element.elementor-element-64eeb36f{--display:flex;--gap:0px 0px;--row-gap:0px;--column-gap:0px;--padding-top:0px;--padding-bottom:0px;--padding-left:0px;--padding-right:0px;}.elementor-788 .elementor-element.elementor-element-3fbbbcc9 img{width:100%;}.elementor-788 .elementor-element.elementor-element-c5407fd{--display:flex;--flex-direction:column;--container-widget-width:100%;--container-widget-height:initial;--container-widget-flex-grow:0;--container-widget-align-self:initial;--flex-wrap-mobile:wrap;--padding-top:0px;--padding-bottom:040px;--padding-left:0px;--padding-right:0px;}.elementor-788 .elementor-element.elementor-element-55581ae .elementor-heading-title{font-size:40px;font-weight:700;}.elementor-788 .elementor-element.elementor-element-55581ae{width:var( --container-widget-width, 90% );max-width:90%;--container-widget-width:90%;--container-widget-flex-grow:0;}.elementor-788 .elementor-element.elementor-element-43ba32e{font-size:17px;line-height:1.5em;color:var( --e-global-color-secondary );padding:0px 25px 0px 0px;}.elementor-788 .elementor-element.elementor-element-43ba32e a{color:var( --e-global-color-secondary );}.elementor-788 .elementor-element.elementor-element-ad9e07a .elementor-heading-title{font-size:40px;font-weight:700;}.elementor-788 .elementor-element.elementor-element-ad9e07a{margin:0px 0px calc(var(--kit-widget-spacing, 0px) + 0px) 0px;padding:0px 0px 0px 0px;}.elementor-788 .elementor-element.elementor-element-e485984{font-size:17px;line-height:1.5em;color:var( --e-global-color-secondary );padding:0px 25px 0px 0px;}.elementor-788 .elementor-element.elementor-element-e485984 a{color:var( --e-global-color-secondary );}.elementor-788 .elementor-element.elementor-element-cf260fb .elementor-heading-title{font-size:40px;font-weight:700;}.elementor-788 .elementor-element.elementor-element-cf260fb{margin:0px 0px calc(var(--kit-widget-spacing, 0px) + 0px) 0px;padding:0px 0px 0px 0px;}.elementor-788 .elementor-element.elementor-element-99d15ef{font-size:17px;line-height:1.5em;color:var( --e-global-color-secondary );padding:0px 25px 0px 0px;}.elementor-788 .elementor-element.elementor-element-99d15ef a{color:var( --e-global-color-secondary );}.elementor-788 .elementor-element.elementor-element-6b7e38a .elementor-heading-title{font-size:40px;font-weight:700;}.elementor-788 .elementor-element.elementor-element-6b7e38a{margin:0px 0px calc(var(--kit-widget-spacing, 0px) + 0px) 0px;padding:0px 0px 0px 0px;}.elementor-788 .elementor-element.elementor-element-cb775d6{font-size:17px;line-height:1.5em;color:var( --e-global-color-secondary );padding:0px 25px 0px 0px;}.elementor-788 .elementor-element.elementor-element-cb775d6 a{color:var( --e-global-color-secondary );}:root{--page-title-display:none;}@media(max-width:1024px){.elementor-788 .elementor-element.elementor-element-781da6ac{--padding-top:60px;--padding-bottom:60px;--padding-left:40px;--padding-right:40px;}.elementor-788 .elementor-element.elementor-element-e4cc68f .elementor-heading-title{font-size:4.11rem;}.elementor-788 .elementor-element.elementor-element-36f74892{--padding-top:44px;--padding-bottom:64px;--padding-left:40px;--padding-right:40px;}.elementor-788 .elementor-element.elementor-element-386f5398{--flex-wrap:wrap;}}@media(max-width:767px){.elementor-788 .elementor-element.elementor-element-781da6ac:not(.elementor-motion-effects-element-type-background), .elementor-788 .elementor-element.elementor-element-781da6ac > .elementor-motion-effects-container > .elementor-motion-effects-layer{background-position:top center;}.elementor-788 .elementor-element.elementor-element-781da6ac{--padding-top:64px;--padding-bottom:84px;--padding-left:32px;--padding-right:32px;}.elementor-788 .elementor-element.elementor-element-5c854f3{--padding-top:20px;--padding-bottom:0px;--padding-left:0px;--padding-right:0px;}.elementor-788 .elementor-element.elementor-element-17ac4c1a{--padding-top:0px;--padding-bottom:0px;--padding-left:0px;--padding-right:0px;}.elementor-788 .elementor-element.elementor-element-e4cc68f .elementor-heading-title{font-size:1.9rem;}.elementor-788 .elementor-element.elementor-element-ce63c4b{width:100%;max-width:100%;}.elementor-788 .elementor-element.elementor-element-36f74892{--padding-top:44px;--padding-bottom:64px;--padding-left:32px;--padding-right:32px;}.elementor-788 .elementor-element.elementor-element-7c2b2721{--padding-top:0px;--padding-bottom:0px;--padding-left:0px;--padding-right:0px;}.elementor-788 .elementor-element.elementor-element-853e728 .elementor-heading-title{font-size:1.6rem;line-height:1.2em;}.elementor-788 .elementor-element.elementor-element-c6d025c{padding:0px 0px 0px 0px;}.elementor-788 .elementor-element.elementor-element-64eeb36f{--padding-top:64px;--padding-bottom:0px;--padding-left:0px;--padding-right:0px;}.elementor-788 .elementor-element.elementor-element-c5407fd{--padding-top:0px;--padding-bottom:0px;--padding-left:30px;--padding-right:30px;}.elementor-788 .elementor-element.elementor-element-55581ae .elementor-heading-title{font-size:1.6rem;}.elementor-788 .elementor-element.elementor-element-43ba32e{padding:0px 0px 0px 0px;}.elementor-788 .elementor-element.elementor-element-ad9e07a .elementor-heading-title{font-size:1.6rem;}.elementor-788 .elementor-element.elementor-element-e485984{padding:0px 0px 0px 0px;}.elementor-788 .elementor-element.elementor-element-cf260fb .elementor-heading-title{font-size:1.6rem;}.elementor-788 .elementor-element.elementor-element-99d15ef{padding:0px 0px 0px 0px;}.elementor-788 .elementor-element.elementor-element-6b7e38a .elementor-heading-title{font-size:1.6rem;line-height:1.2em;}.elementor-788 .elementor-element.elementor-element-cb775d6{margin:0px 0px calc(var(--kit-widget-spacing, 0px) + 30px) 0px;padding:0px 0px 0px 0px;}}@media(min-width:768px){.elementor-788 .elementor-element.elementor-element-17ac4c1a{--width:80%;}.elementor-788 .elementor-element.elementor-element-7c2b2721{--width:65%;}.elementor-788 .elementor-element.elementor-element-64eeb36f{--width:50.88%;}.elementor-788 .elementor-element.elementor-element-c5407fd{--content-width:1000px;}}@media(max-width:1024px) and (min-width:768px){.elementor-788 .elementor-element.elementor-element-7c2b2721{--width:54%;}.elementor-788 .elementor-element.elementor-element-64eeb36f{--width:44%;}}<\/style>\t\t<div data-elementor-type=\"wp-page\" data-elementor-id=\"788\" class=\"elementor elementor-788\" data-elementor-post-type=\"page\">\n\t\t\t\t<div class=\"elementor-element elementor-element-781da6ac e-flex e-con-boxed e-con e-parent\" data-id=\"781da6ac\" data-element_type=\"container\" data-e-type=\"container\" data-settings=\"{&quot;background_background&quot;:&quot;classic&quot;}\">\n\t\t\t\t\t<div class=\"e-con-inner\">\n\t\t<div class=\"elementor-element elementor-element-5c854f3 e-flex e-con-boxed e-con e-child\" data-id=\"5c854f3\" data-element_type=\"container\" data-e-type=\"container\">\n\t\t\t\t\t<div class=\"e-con-inner\">\n\t\t<div class=\"elementor-element elementor-element-17ac4c1a e-con-full e-flex e-con e-child\" data-id=\"17ac4c1a\" data-element_type=\"container\" data-e-type=\"container\">\n\t\t\t\t<div class=\"elementor-element elementor-element-e4cc68f elementor-invisible elementor-widget elementor-widget-heading\" data-id=\"e4cc68f\" data-element_type=\"widget\" data-e-type=\"widget\" data-settings=\"{&quot;_animation&quot;:&quot;fadeInDown&quot;}\" data-widget_type=\"heading.default\">\n\t\t\t\t\t<h1 class=\"elementor-heading-title elementor-size-default\">Professional courier and security transport<\/h1>\t\t\t\t<\/div>\n\t\t\t\t<div class=\"elementor-element elementor-element-ce63c4b elementor-widget__width-initial elementor-widget-mobile__width-inherit elementor-widget elementor-widget-text-editor\" data-id=\"ce63c4b\" data-element_type=\"widget\" data-e-type=\"widget\" data-widget_type=\"text-editor.default\">\n\t\t\t\t\t\t\t\t\t<p>Secure transport of confidential shipments where responsibility, discretion and timely delivery are essential.<\/p>\t\t\t\t\t\t\t\t<\/div>\n\t\t\t\t<div class=\"elementor-element elementor-element-49f854e elementor-widget elementor-widget-button\" data-id=\"49f854e\" data-element_type=\"widget\" data-e-type=\"widget\" data-widget_type=\"button.default\">\n\t\t\t\t\t\t\t\t\t\t<a class=\"elementor-button elementor-button-link elementor-size-lg\" href=\"#\">\n\t\t\t\t\t\t<span class=\"elementor-button-content-wrapper\">\n\t\t\t\t\t\t\t\t\t<span class=\"elementor-button-text\">Contact us<\/span>\n\t\t\t\t\t<\/span>\n\t\t\t\t\t<\/a>\n\t\t\t\t\t\t\t\t<\/div>\n\t\t\t\t<\/div>\n\t\t\t\t\t<\/div>\n\t\t\t\t<\/div>\n\t\t\t\t\t<\/div>\n\t\t\t\t<\/div>\n\t\t<div class=\"elementor-element elementor-element-36f74892 e-flex e-con-boxed e-con e-parent\" data-id=\"36f74892\" data-element_type=\"container\" data-e-type=\"container\">\n\t\t\t\t\t<div class=\"e-con-inner\">\n\t\t<div class=\"elementor-element elementor-element-386f5398 e-flex e-con-boxed e-con e-child\" data-id=\"386f5398\" data-element_type=\"container\" data-e-type=\"container\">\n\t\t\t\t\t<div class=\"e-con-inner\">\n\t\t<div class=\"elementor-element elementor-element-7c2b2721 e-con-full e-flex e-con e-child\" data-id=\"7c2b2721\" data-element_type=\"container\" data-e-type=\"container\">\n\t\t\t\t<div class=\"elementor-element elementor-element-853e728 elementor-widget elementor-widget-heading\" data-id=\"853e728\" data-element_type=\"widget\" data-e-type=\"widget\" data-widget_type=\"heading.default\">\n\t\t\t\t\t<h2 class=\"elementor-heading-title elementor-size-default\">Secure transport of confidential documents and valuables\n<\/h2>\t\t\t\t<\/div>\n\t\t\t\t<div class=\"elementor-element elementor-element-c6d025c elementor-widget elementor-widget-text-editor\" data-id=\"c6d025c\" data-element_type=\"widget\" data-e-type=\"widget\" data-widget_type=\"text-editor.default\">\n\t\t\t\t\t\t\t\t\t<p>We offer a wide range of specialised transport solutions to meet even the most stringent requirements for security and discretion. Our experienced staff are trained in handling sensitive materials and valuables.<\/p><p>Among other things, we offer:<\/p><ul><li>Transport confidential and sensitive documents<\/li><li>Delivery to depot, archive or other secure reception<\/li><li>Secure document storage in controlled and locked facilities<\/li><li>Transport of material, technical equipment and special shipments<\/li><li>Discreet, civilian or value-based transport options, including valuables handling<\/li><\/ul><p><br \/>With Security-Zone as your partner, you are guaranteed professional handling, <a href=\"https:\/\/security-zone.dk\/en\/business-to-business-security-partnerships\/\">High security<\/a>.<\/p>\t\t\t\t\t\t\t\t<\/div>\n\t\t\t\t<\/div>\n\t\t<div class=\"elementor-element elementor-element-64eeb36f e-con-full e-flex e-con e-child\" data-id=\"64eeb36f\" data-element_type=\"container\" data-e-type=\"container\">\n\t\t\t\t<div class=\"elementor-element elementor-element-3fbbbcc9 elementor-widget elementor-widget-image\" data-id=\"3fbbbcc9\" data-element_type=\"widget\" data-e-type=\"widget\" data-settings=\"{&quot;_animation&quot;:&quot;none&quot;,&quot;_animation_delay&quot;:400}\" data-widget_type=\"image.default\">\n\t\t\t\t\t\t\t\t\t\t\t\t\t\t\t<img fetchpriority=\"high\" decoding=\"async\" width=\"768\" height=\"1027\" src=\"https:\/\/security-zone.dk\/wp-content\/uploads\/2026\/01\/security-zone-sikkerhedstransport-0126-3-768x1027.jpg\" class=\"attachment-medium_large size-medium_large wp-image-792\" alt=\"security transport\" srcset=\"https:\/\/security-zone.dk\/wp-content\/uploads\/2026\/01\/security-zone-sikkerhedstransport-0126-3-768x1027.jpg 768w, https:\/\/security-zone.dk\/wp-content\/uploads\/2026\/01\/security-zone-sikkerhedstransport-0126-3-224x300.jpg 224w, https:\/\/security-zone.dk\/wp-content\/uploads\/2026\/01\/security-zone-sikkerhedstransport-0126-3-766x1024.jpg 766w, https:\/\/security-zone.dk\/wp-content\/uploads\/2026\/01\/security-zone-sikkerhedstransport-0126-3.jpg 914w\" sizes=\"(max-width: 768px) 100vw, 768px\" \/>\t\t\t\t\t\t\t\t\t\t\t\t\t\t\t<\/div>\n\t\t\t\t<\/div>\n\t\t\t\t\t<\/div>\n\t\t\t\t<\/div>\n\t\t\t\t\t<\/div>\n\t\t\t\t<\/div>\n\t\t<div class=\"elementor-element elementor-element-c5407fd e-flex e-con-boxed e-con e-parent\" data-id=\"c5407fd\" data-element_type=\"container\" data-e-type=\"container\">\n\t\t\t\t\t<div class=\"e-con-inner\">\n\t\t\t\t<div class=\"elementor-element elementor-element-55581ae elementor-widget__width-initial elementor-widget elementor-widget-heading\" data-id=\"55581ae\" data-element_type=\"widget\" data-e-type=\"widget\" data-widget_type=\"heading.default\">\n\t\t\t\t\t<h2 class=\"elementor-heading-title elementor-size-default\">Safe transport and professional handling\n<\/h2>\t\t\t\t<\/div>\n\t\t\t\t<div class=\"elementor-element elementor-element-43ba32e elementor-widget elementor-widget-text-editor\" data-id=\"43ba32e\" data-element_type=\"widget\" data-e-type=\"widget\" data-widget_type=\"text-editor.default\">\n\t\t\t\t\t\t\t\t\t<p>Security-Zone provides safe, fast and professional courier and security transport throughout Denmark. Our solutions are targeted at public authorities, companies and private customers who place high demands on confidentiality, precision and reliability.<\/p><p>We handle the collection and delivery of confidential documents, valuables and equipment where discretion, punctuality and security are essential. All tasks are carried out according to established and documented security procedures and delivered exactly as agreed.<\/p>\t\t\t\t\t\t\t\t<\/div>\n\t\t\t\t<div class=\"elementor-element elementor-element-ad9e07a elementor-widget elementor-widget-heading\" data-id=\"ad9e07a\" data-element_type=\"widget\" data-e-type=\"widget\" data-widget_type=\"heading.default\">\n\t\t\t\t\t<h3 class=\"elementor-heading-title elementor-size-default\">High security - full trust\n<\/h3>\t\t\t\t<\/div>\n\t\t\t\t<div class=\"elementor-element elementor-element-e485984 elementor-widget elementor-widget-text-editor\" data-id=\"e485984\" data-element_type=\"widget\" data-e-type=\"widget\" data-widget_type=\"text-editor.default\">\n\t\t\t\t\t\t\t\t\t<p>Security-Zone employs professionally trained and security-cleared personnel with solid experience in security, logistics and confidential handling. All deliveries are carried out with the highest level of accountability, traceability and documentation, so you always have full visibility and peace of mind.<\/p>\t\t\t\t\t\t\t\t<\/div>\n\t\t\t\t<div class=\"elementor-element elementor-element-cf260fb elementor-widget elementor-widget-heading\" data-id=\"cf260fb\" data-element_type=\"widget\" data-e-type=\"widget\" data-widget_type=\"heading.default\">\n\t\t\t\t\t<h3 class=\"elementor-heading-title elementor-size-default\">Our customers <\/h3>\t\t\t\t<\/div>\n\t\t\t\t<div class=\"elementor-element elementor-element-99d15ef elementor-widget elementor-widget-text-editor\" data-id=\"99d15ef\" data-element_type=\"widget\" data-e-type=\"widget\" data-widget_type=\"text-editor.default\">\n\t\t\t\t\t\t\t\t\t<p>We have built long-term relationships with a wide range of customers, all with high standards of security and confidentiality. We work with:<\/p><ul><li>Public institutions and authorities<\/li><li>Private and public companies<\/li><li>Lawyers, accountants and consultants<\/li><li>Private individuals in need of safe transport<\/li><\/ul><p><br \/>Whether the job involves critical documents, valuable items or sensitive equipment, our customers can trust that their assets are handled with the utmost care and professionalism. We always customise our solutions to each customer's needs and ensure a safe and efficient transport from start to finish.<\/p><p><a href=\"https:\/\/www.linkedin.com\/in\/security-zone-aps-34662b391\/\" target=\"_blank\" rel=\"noopener\">Security zone<\/a> Deliver safely, discreetly and professionally - every time.<\/p>\t\t\t\t\t\t\t\t<\/div>\n\t\t\t\t<div class=\"elementor-element elementor-element-6b7e38a elementor-widget elementor-widget-heading\" data-id=\"6b7e38a\" data-element_type=\"widget\" data-e-type=\"widget\" data-widget_type=\"heading.default\">\n\t\t\t\t\t<h2 class=\"elementor-heading-title elementor-size-default\">Contact us today - your case is in safe hands<\/h2>\t\t\t\t<\/div>\n\t\t\t\t<div class=\"elementor-element elementor-element-cb775d6 elementor-widget elementor-widget-text-editor\" data-id=\"cb775d6\" data-element_type=\"widget\" data-e-type=\"widget\" data-widget_type=\"text-editor.default\">\n\t\t\t\t\t\t\t\t\t<p>Call us for fast pick-up and secure delivery, exactly as agreed.<\/p><p>Security-Zone - Your security. Your trust. Our responsibility.<\/p>\t\t\t\t\t\t\t\t<\/div>\n\t\t\t\t\t<\/div>\n\t\t\t\t<\/div>\n\t\t\t\t<\/div>","protected":false},"excerpt":{"rendered":"<p>Professionel courier- og sikkerhedstransport Sikker transport af fortrolige forsendelser, hvor ansvar, diskretion og rettidig levering er afg\u00f8rende. Kontakt os Sikkerhedstransport af fortrolige dokumenter og v\u00e6rdigenstande Vi tilbyder en bred vifte af specialiserede transportl\u00f8sninger, der im\u00f8dekommer selv de skrappeste krav til sikkerhed og diskretion. Vores erfarne medarbejdere er uddannet i h\u00e5ndtering af f\u00f8lsomme materialer og v\u00e6rdigenstande. [&hellip;]<\/p>\n","protected":false},"author":2,"featured_media":685,"parent":0,"menu_order":0,"comment_status":"closed","ping_status":"closed","template":"","meta":{"inline_featured_image":false,"_themeisle_gutenberg_block_has_review":false,"footnotes":""},"class_list":["post-788","page","type-page","status-publish","has-post-thumbnail","hentry"],"_links":{"self":[{"href":"https:\/\/security-zone.dk\/en\/wp-json\/wp\/v2\/pages\/788","targetHints":{"allow":["GET"]}}],"collection":[{"href":"https:\/\/security-zone.dk\/en\/wp-json\/wp\/v2\/pages"}],"about":[{"href":"https:\/\/security-zone.dk\/en\/wp-json\/wp\/v2\/types\/page"}],"author":[{"embeddable":true,"href":"https:\/\/security-zone.dk\/en\/wp-json\/wp\/v2\/users\/2"}],"replies":[{"embeddable":true,"href":"https:\/\/security-zone.dk\/en\/wp-json\/wp\/v2\/comments?post=788"}],"version-history":[{"count":10,"href":"https:\/\/security-zone.dk\/en\/wp-json\/wp\/v2\/pages\/788\/revisions"}],"predecessor-version":[{"id":925,"href":"https:\/\/security-zone.dk\/en\/wp-json\/wp\/v2\/pages\/788\/revisions\/925"}],"wp:featuredmedia":[{"embeddable":true,"href":"https:\/\/security-zone.dk\/en\/wp-json\/wp\/v2\/media\/685"}],"wp:attachment":[{"href":"https:\/\/security-zone.dk\/en\/wp-json\/wp\/v2\/media?parent=788"}],"curies":[{"name":"wp","href":"https:\/\/api.w.org\/{rel}","templated":true}]}}