{"id":788,"date":"2026-01-27T10:42:22","date_gmt":"2026-01-27T10:42:22","guid":{"rendered":"https:\/\/security-zone.dk\/?page_id=788"},"modified":"2026-02-09T11:22:29","modified_gmt":"2026-02-09T11:22:29","slug":"transporte-de-mensajeria-y-seguridad","status":"publish","type":"page","link":"https:\/\/security-zone.dk\/es\/transporte-de-mensajeria-y-seguridad\/","title":{"rendered":"Transporte profesional de mensajer\u00eda y seguridad en toda Dinamarca"},"content":{"rendered":"<style>.elementor-788 .elementor-element.elementor-element-781da6ac{--display:flex;--min-height:500px;--flex-direction:column;--container-widget-width:100%;--container-widget-height:initial;--container-widget-flex-grow:0;--container-widget-align-self:initial;--flex-wrap-mobile:wrap;--gap:0px 0px;--row-gap:0px;--column-gap:0px;--overlay-opacity:0.4;--padding-top:60px;--padding-bottom:40px;--padding-left:0px;--padding-right:0px;}.elementor-788 .elementor-element.elementor-element-781da6ac:not(.elementor-motion-effects-element-type-background), .elementor-788 .elementor-element.elementor-element-781da6ac > .elementor-motion-effects-container > .elementor-motion-effects-layer{background-image:url(\"https:\/\/security-zone.dk\/wp-content\/uploads\/2026\/01\/security-zone-sikkerhedstransport-0126-2.jpg\");background-position:center right;background-repeat:no-repeat;background-size:cover;}.elementor-788 .elementor-element.elementor-element-781da6ac::before, .elementor-788 .elementor-element.elementor-element-781da6ac > .elementor-background-video-container::before, .elementor-788 .elementor-element.elementor-element-781da6ac > .e-con-inner > .elementor-background-video-container::before, .elementor-788 .elementor-element.elementor-element-781da6ac > .elementor-background-slideshow::before, .elementor-788 .elementor-element.elementor-element-781da6ac > .e-con-inner > .elementor-background-slideshow::before, .elementor-788 .elementor-element.elementor-element-781da6ac > .elementor-motion-effects-container > .elementor-motion-effects-layer::before{--background-overlay:'';background-color:var( --e-global-color-primary );}.elementor-788 .elementor-element.elementor-element-5c854f3{--display:flex;--flex-direction:row;--container-widget-width:calc( ( 1 - var( --container-widget-flex-grow ) ) * 100% );--container-widget-height:100%;--container-widget-flex-grow:1;--container-widget-align-self:stretch;--flex-wrap-mobile:wrap;--justify-content:space-between;--align-items:center;--gap:0px 0px;--row-gap:0px;--column-gap:0px;--padding-top:46px;--padding-bottom:106px;--padding-left:0px;--padding-right:0px;}.elementor-788 .elementor-element.elementor-element-17ac4c1a{--display:flex;--gap:20px 0px;--row-gap:20px;--column-gap:0px;--padding-top:0px;--padding-bottom:0px;--padding-left:0px;--padding-right:0px;}.elementor-788 .elementor-element.elementor-element-17ac4c1a.e-con{--flex-grow:0;--flex-shrink:0;}.elementor-788 .elementor-element.elementor-element-e4cc68f .elementor-heading-title{font-family:\"Manrope\", Sans-serif;font-size:45px;font-weight:700;line-height:1.1em;color:var( --e-global-color-b820c45 );}.elementor-788 .elementor-element.elementor-element-e4cc68f{margin:0px 0px calc(var(--kit-widget-spacing, 0px) + 0px) 0px;padding:0px 0px 0px 0px;}.elementor-788 .elementor-element.elementor-element-ce63c4b{font-size:20px;color:var( --e-global-color-b820c45 );padding:0px 0px 0px 0px;width:var( --container-widget-width, 71% );max-width:71%;--container-widget-width:71%;--container-widget-flex-grow:0;}.elementor-788 .elementor-element.elementor-element-49f854e .elementor-button{font-size:14px;font-weight:700;text-transform:uppercase;letter-spacing:0.3px;background-color:var( --e-global-color-88085b2 );padding:17px 38px 17px 38px;}.elementor-788 .elementor-element.elementor-element-49f854e .elementor-button:hover, .elementor-788 .elementor-element.elementor-element-49f854e .elementor-button:focus{background-color:var( --e-global-color-primary );}.elementor-788 .elementor-element.elementor-element-36f74892{--display:flex;--flex-direction:column;--container-widget-width:100%;--container-widget-height:initial;--container-widget-flex-grow:0;--container-widget-align-self:initial;--flex-wrap-mobile:wrap;--gap:0px 0px;--row-gap:0px;--column-gap:0px;--padding-top:100px;--padding-bottom:80px;--padding-left:0px;--padding-right:0px;}.elementor-788 .elementor-element.elementor-element-386f5398{--display:flex;--flex-direction:row;--container-widget-width:calc( ( 1 - var( --container-widget-flex-grow ) ) * 100% );--container-widget-height:100%;--container-widget-flex-grow:1;--container-widget-align-self:stretch;--flex-wrap-mobile:wrap;--justify-content:space-between;--align-items:flex-start;--gap:0px 0px;--row-gap:0px;--column-gap:0px;--padding-top:20px;--padding-bottom:0px;--padding-left:0px;--padding-right:0px;}.elementor-788 .elementor-element.elementor-element-7c2b2721{--display:flex;--gap:20px 0px;--row-gap:20px;--column-gap:0px;--padding-top:0px;--padding-bottom:0px;--padding-left:0px;--padding-right:50px;}.elementor-788 .elementor-element.elementor-element-853e728 .elementor-heading-title{font-size:2.4em;font-weight:700;}.elementor-788 .elementor-element.elementor-element-c6d025c{font-size:17px;line-height:1.5em;color:var( --e-global-color-secondary );padding:0px 25px 0px 0px;}.elementor-788 .elementor-element.elementor-element-c6d025c a{color:var( --e-global-color-secondary );}.elementor-788 .elementor-element.elementor-element-64eeb36f{--display:flex;--gap:0px 0px;--row-gap:0px;--column-gap:0px;--padding-top:0px;--padding-bottom:0px;--padding-left:0px;--padding-right:0px;}.elementor-788 .elementor-element.elementor-element-3fbbbcc9 img{width:100%;}.elementor-788 .elementor-element.elementor-element-c5407fd{--display:flex;--flex-direction:column;--container-widget-width:100%;--container-widget-height:initial;--container-widget-flex-grow:0;--container-widget-align-self:initial;--flex-wrap-mobile:wrap;--padding-top:0px;--padding-bottom:040px;--padding-left:0px;--padding-right:0px;}.elementor-788 .elementor-element.elementor-element-55581ae .elementor-heading-title{font-size:40px;font-weight:700;}.elementor-788 .elementor-element.elementor-element-55581ae{width:var( --container-widget-width, 90% );max-width:90%;--container-widget-width:90%;--container-widget-flex-grow:0;}.elementor-788 .elementor-element.elementor-element-43ba32e{font-size:17px;line-height:1.5em;color:var( --e-global-color-secondary );padding:0px 25px 0px 0px;}.elementor-788 .elementor-element.elementor-element-43ba32e a{color:var( --e-global-color-secondary );}.elementor-788 .elementor-element.elementor-element-ad9e07a .elementor-heading-title{font-size:40px;font-weight:700;}.elementor-788 .elementor-element.elementor-element-ad9e07a{margin:0px 0px calc(var(--kit-widget-spacing, 0px) + 0px) 0px;padding:0px 0px 0px 0px;}.elementor-788 .elementor-element.elementor-element-e485984{font-size:17px;line-height:1.5em;color:var( --e-global-color-secondary );padding:0px 25px 0px 0px;}.elementor-788 .elementor-element.elementor-element-e485984 a{color:var( --e-global-color-secondary );}.elementor-788 .elementor-element.elementor-element-cf260fb .elementor-heading-title{font-size:40px;font-weight:700;}.elementor-788 .elementor-element.elementor-element-cf260fb{margin:0px 0px calc(var(--kit-widget-spacing, 0px) + 0px) 0px;padding:0px 0px 0px 0px;}.elementor-788 .elementor-element.elementor-element-99d15ef{font-size:17px;line-height:1.5em;color:var( --e-global-color-secondary );padding:0px 25px 0px 0px;}.elementor-788 .elementor-element.elementor-element-99d15ef a{color:var( --e-global-color-secondary );}.elementor-788 .elementor-element.elementor-element-6b7e38a .elementor-heading-title{font-size:40px;font-weight:700;}.elementor-788 .elementor-element.elementor-element-6b7e38a{margin:0px 0px calc(var(--kit-widget-spacing, 0px) + 0px) 0px;padding:0px 0px 0px 0px;}.elementor-788 .elementor-element.elementor-element-cb775d6{font-size:17px;line-height:1.5em;color:var( --e-global-color-secondary );padding:0px 25px 0px 0px;}.elementor-788 .elementor-element.elementor-element-cb775d6 a{color:var( --e-global-color-secondary );}:root{--page-title-display:none;}@media(max-width:1024px){.elementor-788 .elementor-element.elementor-element-781da6ac{--padding-top:60px;--padding-bottom:60px;--padding-left:40px;--padding-right:40px;}.elementor-788 .elementor-element.elementor-element-e4cc68f .elementor-heading-title{font-size:4.11rem;}.elementor-788 .elementor-element.elementor-element-36f74892{--padding-top:44px;--padding-bottom:64px;--padding-left:40px;--padding-right:40px;}.elementor-788 .elementor-element.elementor-element-386f5398{--flex-wrap:wrap;}}@media(max-width:767px){.elementor-788 .elementor-element.elementor-element-781da6ac:not(.elementor-motion-effects-element-type-background), .elementor-788 .elementor-element.elementor-element-781da6ac > .elementor-motion-effects-container > .elementor-motion-effects-layer{background-position:top center;}.elementor-788 .elementor-element.elementor-element-781da6ac{--padding-top:64px;--padding-bottom:84px;--padding-left:32px;--padding-right:32px;}.elementor-788 .elementor-element.elementor-element-5c854f3{--padding-top:20px;--padding-bottom:0px;--padding-left:0px;--padding-right:0px;}.elementor-788 .elementor-element.elementor-element-17ac4c1a{--padding-top:0px;--padding-bottom:0px;--padding-left:0px;--padding-right:0px;}.elementor-788 .elementor-element.elementor-element-e4cc68f .elementor-heading-title{font-size:1.9rem;}.elementor-788 .elementor-element.elementor-element-ce63c4b{width:100%;max-width:100%;}.elementor-788 .elementor-element.elementor-element-36f74892{--padding-top:44px;--padding-bottom:64px;--padding-left:32px;--padding-right:32px;}.elementor-788 .elementor-element.elementor-element-7c2b2721{--padding-top:0px;--padding-bottom:0px;--padding-left:0px;--padding-right:0px;}.elementor-788 .elementor-element.elementor-element-853e728 .elementor-heading-title{font-size:1.6rem;line-height:1.2em;}.elementor-788 .elementor-element.elementor-element-c6d025c{padding:0px 0px 0px 0px;}.elementor-788 .elementor-element.elementor-element-64eeb36f{--padding-top:64px;--padding-bottom:0px;--padding-left:0px;--padding-right:0px;}.elementor-788 .elementor-element.elementor-element-c5407fd{--padding-top:0px;--padding-bottom:0px;--padding-left:30px;--padding-right:30px;}.elementor-788 .elementor-element.elementor-element-55581ae .elementor-heading-title{font-size:1.6rem;}.elementor-788 .elementor-element.elementor-element-43ba32e{padding:0px 0px 0px 0px;}.elementor-788 .elementor-element.elementor-element-ad9e07a .elementor-heading-title{font-size:1.6rem;}.elementor-788 .elementor-element.elementor-element-e485984{padding:0px 0px 0px 0px;}.elementor-788 .elementor-element.elementor-element-cf260fb .elementor-heading-title{font-size:1.6rem;}.elementor-788 .elementor-element.elementor-element-99d15ef{padding:0px 0px 0px 0px;}.elementor-788 .elementor-element.elementor-element-6b7e38a .elementor-heading-title{font-size:1.6rem;line-height:1.2em;}.elementor-788 .elementor-element.elementor-element-cb775d6{margin:0px 0px calc(var(--kit-widget-spacing, 0px) + 30px) 0px;padding:0px 0px 0px 0px;}}@media(min-width:768px){.elementor-788 .elementor-element.elementor-element-17ac4c1a{--width:80%;}.elementor-788 .elementor-element.elementor-element-7c2b2721{--width:65%;}.elementor-788 .elementor-element.elementor-element-64eeb36f{--width:50.88%;}.elementor-788 .elementor-element.elementor-element-c5407fd{--content-width:1000px;}}@media(max-width:1024px) and (min-width:768px){.elementor-788 .elementor-element.elementor-element-7c2b2721{--width:54%;}.elementor-788 .elementor-element.elementor-element-64eeb36f{--width:44%;}}<\/style>\t\t<div data-elementor-type=\"wp-page\" data-elementor-id=\"788\" class=\"elementor elementor-788\" data-elementor-post-type=\"page\">\n\t\t\t\t<div class=\"elementor-element elementor-element-781da6ac e-flex e-con-boxed e-con e-parent\" data-id=\"781da6ac\" data-element_type=\"container\" data-e-type=\"container\" data-settings=\"{&quot;background_background&quot;:&quot;classic&quot;}\">\n\t\t\t\t\t<div class=\"e-con-inner\">\n\t\t<div class=\"elementor-element elementor-element-5c854f3 e-flex e-con-boxed e-con e-child\" data-id=\"5c854f3\" data-element_type=\"container\" data-e-type=\"container\">\n\t\t\t\t\t<div class=\"e-con-inner\">\n\t\t<div class=\"elementor-element elementor-element-17ac4c1a e-con-full e-flex e-con e-child\" data-id=\"17ac4c1a\" data-element_type=\"container\" data-e-type=\"container\">\n\t\t\t\t<div class=\"elementor-element elementor-element-e4cc68f elementor-invisible elementor-widget elementor-widget-heading\" data-id=\"e4cc68f\" data-element_type=\"widget\" data-e-type=\"widget\" data-settings=\"{&quot;_animation&quot;:&quot;fadeInDown&quot;}\" data-widget_type=\"heading.default\">\n\t\t\t\t\t<h1 class=\"elementor-heading-title elementor-size-default\">Transporte profesional de mensajer\u00eda y seguridad<\/h1>\t\t\t\t<\/div>\n\t\t\t\t<div class=\"elementor-element elementor-element-ce63c4b elementor-widget__width-initial elementor-widget-mobile__width-inherit elementor-widget elementor-widget-text-editor\" data-id=\"ce63c4b\" data-element_type=\"widget\" data-e-type=\"widget\" data-widget_type=\"text-editor.default\">\n\t\t\t\t\t\t\t\t\t<p>Transporte seguro de env\u00edos confidenciales en los que la responsabilidad, la discreci\u00f3n y la entrega puntual son esenciales.<\/p>\t\t\t\t\t\t\t\t<\/div>\n\t\t\t\t<div class=\"elementor-element elementor-element-49f854e elementor-widget elementor-widget-button\" data-id=\"49f854e\" data-element_type=\"widget\" data-e-type=\"widget\" data-widget_type=\"button.default\">\n\t\t\t\t\t\t\t\t\t\t<a class=\"elementor-button elementor-button-link elementor-size-lg\" href=\"#\">\n\t\t\t\t\t\t<span class=\"elementor-button-content-wrapper\">\n\t\t\t\t\t\t\t\t\t<span class=\"elementor-button-text\">P\u00f3ngase en contacto con nosotros<\/span>\n\t\t\t\t\t<\/span>\n\t\t\t\t\t<\/a>\n\t\t\t\t\t\t\t\t<\/div>\n\t\t\t\t<\/div>\n\t\t\t\t\t<\/div>\n\t\t\t\t<\/div>\n\t\t\t\t\t<\/div>\n\t\t\t\t<\/div>\n\t\t<div class=\"elementor-element elementor-element-36f74892 e-flex e-con-boxed e-con e-parent\" data-id=\"36f74892\" data-element_type=\"container\" data-e-type=\"container\">\n\t\t\t\t\t<div class=\"e-con-inner\">\n\t\t<div class=\"elementor-element elementor-element-386f5398 e-flex e-con-boxed e-con e-child\" data-id=\"386f5398\" data-element_type=\"container\" data-e-type=\"container\">\n\t\t\t\t\t<div class=\"e-con-inner\">\n\t\t<div class=\"elementor-element elementor-element-7c2b2721 e-con-full e-flex e-con e-child\" data-id=\"7c2b2721\" data-element_type=\"container\" data-e-type=\"container\">\n\t\t\t\t<div class=\"elementor-element elementor-element-853e728 elementor-widget elementor-widget-heading\" data-id=\"853e728\" data-element_type=\"widget\" data-e-type=\"widget\" data-widget_type=\"heading.default\">\n\t\t\t\t\t<h2 class=\"elementor-heading-title elementor-size-default\">Transporte seguro de documentos confidenciales y objetos de valor\n<\/h2>\t\t\t\t<\/div>\n\t\t\t\t<div class=\"elementor-element elementor-element-c6d025c elementor-widget elementor-widget-text-editor\" data-id=\"c6d025c\" data-element_type=\"widget\" data-e-type=\"widget\" data-widget_type=\"text-editor.default\">\n\t\t\t\t\t\t\t\t\t<p>Ofrecemos una amplia gama de soluciones de transporte especializadas para satisfacer incluso los requisitos m\u00e1s estrictos de seguridad y discreci\u00f3n. Nuestro experimentado personal est\u00e1 formado en la manipulaci\u00f3n de materiales sensibles y objetos de valor.<\/p><p>Entre otras cosas, ofrecemos:<\/p><ul><li>Transporte de documentos confidenciales y delicados<\/li><li>Entrega en dep\u00f3sito, archivo u otra recepci\u00f3n segura<\/li><li>Almacenamiento seguro de documentos en instalaciones controladas y cerradas<\/li><li>Transporte de material, equipo t\u00e9cnico y env\u00edos especiales<\/li><li>Opciones de transporte discretas, civiles o basadas en el valor, incluida la manipulaci\u00f3n de objetos de valor.<\/li><\/ul><p><br \/>Con Security-Zone como socio, tiene garantizada una gesti\u00f3n profesional, <a href=\"https:\/\/security-zone.dk\/es\/asociaciones-de-seguridad-entre-empresas\/\">Alta seguridad<\/a>.<\/p>\t\t\t\t\t\t\t\t<\/div>\n\t\t\t\t<\/div>\n\t\t<div class=\"elementor-element elementor-element-64eeb36f e-con-full e-flex e-con e-child\" data-id=\"64eeb36f\" data-element_type=\"container\" data-e-type=\"container\">\n\t\t\t\t<div class=\"elementor-element elementor-element-3fbbbcc9 elementor-widget elementor-widget-image\" data-id=\"3fbbbcc9\" data-element_type=\"widget\" data-e-type=\"widget\" data-settings=\"{&quot;_animation&quot;:&quot;none&quot;,&quot;_animation_delay&quot;:400}\" data-widget_type=\"image.default\">\n\t\t\t\t\t\t\t\t\t\t\t\t\t\t\t<img fetchpriority=\"high\" decoding=\"async\" width=\"768\" height=\"1027\" src=\"https:\/\/security-zone.dk\/wp-content\/uploads\/2026\/01\/security-zone-sikkerhedstransport-0126-3-768x1027.jpg\" class=\"attachment-medium_large size-medium_large wp-image-792\" alt=\"transporte de seguridad\" srcset=\"https:\/\/security-zone.dk\/wp-content\/uploads\/2026\/01\/security-zone-sikkerhedstransport-0126-3-768x1027.jpg 768w, https:\/\/security-zone.dk\/wp-content\/uploads\/2026\/01\/security-zone-sikkerhedstransport-0126-3-224x300.jpg 224w, https:\/\/security-zone.dk\/wp-content\/uploads\/2026\/01\/security-zone-sikkerhedstransport-0126-3-766x1024.jpg 766w, https:\/\/security-zone.dk\/wp-content\/uploads\/2026\/01\/security-zone-sikkerhedstransport-0126-3.jpg 914w\" sizes=\"(max-width: 768px) 100vw, 768px\" \/>\t\t\t\t\t\t\t\t\t\t\t\t\t\t\t<\/div>\n\t\t\t\t<\/div>\n\t\t\t\t\t<\/div>\n\t\t\t\t<\/div>\n\t\t\t\t\t<\/div>\n\t\t\t\t<\/div>\n\t\t<div class=\"elementor-element elementor-element-c5407fd e-flex e-con-boxed e-con e-parent\" data-id=\"c5407fd\" data-element_type=\"container\" data-e-type=\"container\">\n\t\t\t\t\t<div class=\"e-con-inner\">\n\t\t\t\t<div class=\"elementor-element elementor-element-55581ae elementor-widget__width-initial elementor-widget elementor-widget-heading\" data-id=\"55581ae\" data-element_type=\"widget\" data-e-type=\"widget\" data-widget_type=\"heading.default\">\n\t\t\t\t\t<h2 class=\"elementor-heading-title elementor-size-default\">Transporte seguro y manipulaci\u00f3n profesional\n<\/h2>\t\t\t\t<\/div>\n\t\t\t\t<div class=\"elementor-element elementor-element-43ba32e elementor-widget elementor-widget-text-editor\" data-id=\"43ba32e\" data-element_type=\"widget\" data-e-type=\"widget\" data-widget_type=\"text-editor.default\">\n\t\t\t\t\t\t\t\t\t<p>Security-Zone ofrece servicios de mensajer\u00eda y transporte de seguridad seguros, r\u00e1pidos y profesionales en toda Dinamarca. Nuestras soluciones van dirigidas a autoridades p\u00fablicas, empresas y clientes privados que exigen un alto grado de confidencialidad, precisi\u00f3n y fiabilidad.<\/p><p>Nos encargamos de la recogida y entrega de documentos confidenciales, objetos de valor y equipos en los que la discreci\u00f3n, la puntualidad y la seguridad son esenciales. Todas las tareas se llevan a cabo de acuerdo con procedimientos de seguridad establecidos y documentados y se entregan exactamente seg\u00fan lo acordado.<\/p>\t\t\t\t\t\t\t\t<\/div>\n\t\t\t\t<div class=\"elementor-element elementor-element-ad9e07a elementor-widget elementor-widget-heading\" data-id=\"ad9e07a\" data-element_type=\"widget\" data-e-type=\"widget\" data-widget_type=\"heading.default\">\n\t\t\t\t\t<h3 class=\"elementor-heading-title elementor-size-default\">Alta seguridad - plena confianza\n<\/h3>\t\t\t\t<\/div>\n\t\t\t\t<div class=\"elementor-element elementor-element-e485984 elementor-widget elementor-widget-text-editor\" data-id=\"e485984\" data-element_type=\"widget\" data-e-type=\"widget\" data-widget_type=\"text-editor.default\">\n\t\t\t\t\t\t\t\t\t<p>Security-Zone emplea a personal con formaci\u00f3n profesional y habilitaci\u00f3n de seguridad, con una s\u00f3lida experiencia en seguridad, log\u00edstica y manipulaci\u00f3n confidencial. Todas las entregas se realizan con el m\u00e1ximo nivel de responsabilidad, trazabilidad y documentaci\u00f3n, para que usted siempre tenga plena visibilidad y tranquilidad.<\/p>\t\t\t\t\t\t\t\t<\/div>\n\t\t\t\t<div class=\"elementor-element elementor-element-cf260fb elementor-widget elementor-widget-heading\" data-id=\"cf260fb\" data-element_type=\"widget\" data-e-type=\"widget\" data-widget_type=\"heading.default\">\n\t\t\t\t\t<h3 class=\"elementor-heading-title elementor-size-default\">Nuestros clientes <\/h3>\t\t\t\t<\/div>\n\t\t\t\t<div class=\"elementor-element elementor-element-99d15ef elementor-widget elementor-widget-text-editor\" data-id=\"99d15ef\" data-element_type=\"widget\" data-e-type=\"widget\" data-widget_type=\"text-editor.default\">\n\t\t\t\t\t\t\t\t\t<p>Hemos establecido relaciones a largo plazo con una amplia gama de clientes, todos ellos con altos niveles de seguridad y confidencialidad. Trabajamos con:<\/p><ul><li>Instituciones y autoridades p\u00fablicas<\/li><li>Empresas privadas y p\u00fablicas<\/li><li>Abogados, contables y asesores<\/li><li>Particulares que necesiten un transporte seguro<\/li><\/ul><p><br \/>Tanto si se trata de documentos cr\u00edticos como de art\u00edculos valiosos o equipos delicados, nuestros clientes pueden confiar en que sus activos se tratar\u00e1n con el m\u00e1ximo cuidado y profesionalidad. Siempre adaptamos nuestras soluciones a las necesidades de cada cliente y garantizamos un transporte seguro y eficiente de principio a fin.<\/p><p><a href=\"https:\/\/www.linkedin.com\/in\/security-zone-aps-34662b391\/\" target=\"_blank\" rel=\"noopener\">Zona de seguridad<\/a> Entregas seguras, discretas y profesionales en todo momento.<\/p>\t\t\t\t\t\t\t\t<\/div>\n\t\t\t\t<div class=\"elementor-element elementor-element-6b7e38a elementor-widget elementor-widget-heading\" data-id=\"6b7e38a\" data-element_type=\"widget\" data-e-type=\"widget\" data-widget_type=\"heading.default\">\n\t\t\t\t\t<h2 class=\"elementor-heading-title elementor-size-default\">P\u00f3ngase en contacto con nosotros hoy mismo - su caso est\u00e1 en buenas manos<\/h2>\t\t\t\t<\/div>\n\t\t\t\t<div class=\"elementor-element elementor-element-cb775d6 elementor-widget elementor-widget-text-editor\" data-id=\"cb775d6\" data-element_type=\"widget\" data-e-type=\"widget\" data-widget_type=\"text-editor.default\">\n\t\t\t\t\t\t\t\t\t<p>Ll\u00e1menos para una recogida r\u00e1pida y una entrega segura, exactamente seg\u00fan lo acordado.<\/p><p>Security-Zone - Su seguridad. Su confianza. Nuestra responsabilidad.<\/p>\t\t\t\t\t\t\t\t<\/div>\n\t\t\t\t\t<\/div>\n\t\t\t\t<\/div>\n\t\t\t\t<\/div>","protected":false},"excerpt":{"rendered":"<p>Professionel courier- og sikkerhedstransport Sikker transport af fortrolige forsendelser, hvor ansvar, diskretion og rettidig levering er afg\u00f8rende. Kontakt os Sikkerhedstransport af fortrolige dokumenter og v\u00e6rdigenstande Vi tilbyder en bred vifte af specialiserede transportl\u00f8sninger, der im\u00f8dekommer selv de skrappeste krav til sikkerhed og diskretion. Vores erfarne medarbejdere er uddannet i h\u00e5ndtering af f\u00f8lsomme materialer og v\u00e6rdigenstande. [&hellip;]<\/p>\n","protected":false},"author":2,"featured_media":685,"parent":0,"menu_order":0,"comment_status":"closed","ping_status":"closed","template":"","meta":{"inline_featured_image":false,"_themeisle_gutenberg_block_has_review":false,"footnotes":""},"class_list":["post-788","page","type-page","status-publish","has-post-thumbnail","hentry"],"_links":{"self":[{"href":"https:\/\/security-zone.dk\/es\/wp-json\/wp\/v2\/pages\/788","targetHints":{"allow":["GET"]}}],"collection":[{"href":"https:\/\/security-zone.dk\/es\/wp-json\/wp\/v2\/pages"}],"about":[{"href":"https:\/\/security-zone.dk\/es\/wp-json\/wp\/v2\/types\/page"}],"author":[{"embeddable":true,"href":"https:\/\/security-zone.dk\/es\/wp-json\/wp\/v2\/users\/2"}],"replies":[{"embeddable":true,"href":"https:\/\/security-zone.dk\/es\/wp-json\/wp\/v2\/comments?post=788"}],"version-history":[{"count":10,"href":"https:\/\/security-zone.dk\/es\/wp-json\/wp\/v2\/pages\/788\/revisions"}],"predecessor-version":[{"id":925,"href":"https:\/\/security-zone.dk\/es\/wp-json\/wp\/v2\/pages\/788\/revisions\/925"}],"wp:featuredmedia":[{"embeddable":true,"href":"https:\/\/security-zone.dk\/es\/wp-json\/wp\/v2\/media\/685"}],"wp:attachment":[{"href":"https:\/\/security-zone.dk\/es\/wp-json\/wp\/v2\/media?parent=788"}],"curies":[{"name":"wp","href":"https:\/\/api.w.org\/{rel}","templated":true}]}}