{"id":752,"date":"2026-01-15T10:23:53","date_gmt":"2026-01-15T10:23:53","guid":{"rendered":"https:\/\/security-zone.dk\/?page_id=752"},"modified":"2026-02-09T12:01:51","modified_gmt":"2026-02-09T12:01:51","slug":"service-juridique","status":"publish","type":"page","link":"https:\/\/security-zone.dk\/fr\/service-juridique\/","title":{"rendered":"Service juridique - t\u00e9l\u00e9phone +45 7060 3966"},"content":{"rendered":"<style>.elementor-752 .elementor-element.elementor-element-781da6ac{--display:flex;--min-height:500px;--flex-direction:column;--container-widget-width:100%;--container-widget-height:initial;--container-widget-flex-grow:0;--container-widget-align-self:initial;--flex-wrap-mobile:wrap;--gap:0px 0px;--row-gap:0px;--column-gap:0px;--overlay-opacity:0.4;--padding-top:60px;--padding-bottom:40px;--padding-left:0px;--padding-right:0px;}.elementor-752 .elementor-element.elementor-element-781da6ac:not(.elementor-motion-effects-element-type-background), .elementor-752 .elementor-element.elementor-element-781da6ac > .elementor-motion-effects-container > .elementor-motion-effects-layer{background-image:url(\"https:\/\/security-zone.dk\/wp-content\/uploads\/2025\/12\/security-zone-contact-1225-2.jpg\");background-position:center right;background-repeat:no-repeat;background-size:cover;}.elementor-752 .elementor-element.elementor-element-781da6ac::before, .elementor-752 .elementor-element.elementor-element-781da6ac > .elementor-background-video-container::before, .elementor-752 .elementor-element.elementor-element-781da6ac > .e-con-inner > .elementor-background-video-container::before, .elementor-752 .elementor-element.elementor-element-781da6ac > .elementor-background-slideshow::before, .elementor-752 .elementor-element.elementor-element-781da6ac > .e-con-inner > .elementor-background-slideshow::before, .elementor-752 .elementor-element.elementor-element-781da6ac > .elementor-motion-effects-container > .elementor-motion-effects-layer::before{--background-overlay:'';background-color:var( --e-global-color-primary );}.elementor-752 .elementor-element.elementor-element-5c854f3{--display:flex;--flex-direction:row;--container-widget-width:calc( ( 1 - var( --container-widget-flex-grow ) ) * 100% );--container-widget-height:100%;--container-widget-flex-grow:1;--container-widget-align-self:stretch;--flex-wrap-mobile:wrap;--justify-content:space-between;--align-items:center;--gap:0px 0px;--row-gap:0px;--column-gap:0px;--padding-top:46px;--padding-bottom:106px;--padding-left:0px;--padding-right:0px;}.elementor-752 .elementor-element.elementor-element-17ac4c1a{--display:flex;--gap:20px 0px;--row-gap:20px;--column-gap:0px;--padding-top:0px;--padding-bottom:0px;--padding-left:0px;--padding-right:0px;}.elementor-752 .elementor-element.elementor-element-17ac4c1a.e-con{--flex-grow:0;--flex-shrink:0;}.elementor-752 .elementor-element.elementor-element-e4cc68f .elementor-heading-title{font-family:\"Manrope\", Sans-serif;font-size:45px;font-weight:700;line-height:1.1em;color:var( --e-global-color-b820c45 );}.elementor-752 .elementor-element.elementor-element-e4cc68f{margin:0px 0px calc(var(--kit-widget-spacing, 0px) + 0px) 0px;padding:0px 0px 0px 0px;}.elementor-752 .elementor-element.elementor-element-ce63c4b{font-size:20px;color:var( --e-global-color-b820c45 );padding:0px 0px 0px 0px;}.elementor-752 .elementor-element.elementor-element-49f854e .elementor-button{font-size:14px;font-weight:700;text-transform:uppercase;letter-spacing:0.3px;background-color:var( --e-global-color-88085b2 );padding:17px 38px 17px 38px;}.elementor-752 .elementor-element.elementor-element-49f854e .elementor-button:hover, .elementor-752 .elementor-element.elementor-element-49f854e .elementor-button:focus{background-color:var( --e-global-color-primary );}.elementor-752 .elementor-element.elementor-element-36f74892{--display:flex;--flex-direction:column;--container-widget-width:100%;--container-widget-height:initial;--container-widget-flex-grow:0;--container-widget-align-self:initial;--flex-wrap-mobile:wrap;--gap:0px 0px;--row-gap:0px;--column-gap:0px;--padding-top:100px;--padding-bottom:80px;--padding-left:0px;--padding-right:0px;}.elementor-752 .elementor-element.elementor-element-386f5398{--display:flex;--flex-direction:row;--container-widget-width:calc( ( 1 - var( --container-widget-flex-grow ) ) * 100% );--container-widget-height:100%;--container-widget-flex-grow:1;--container-widget-align-self:stretch;--flex-wrap-mobile:wrap;--justify-content:space-between;--align-items:flex-start;--gap:0px 0px;--row-gap:0px;--column-gap:0px;--padding-top:20px;--padding-bottom:0px;--padding-left:0px;--padding-right:0px;}.elementor-752 .elementor-element.elementor-element-7c2b2721{--display:flex;--gap:20px 0px;--row-gap:20px;--column-gap:0px;--padding-top:0px;--padding-bottom:0px;--padding-left:0px;--padding-right:50px;}.elementor-752 .elementor-element.elementor-element-853e728 .elementor-heading-title{font-size:2.4em;font-weight:700;}.elementor-752 .elementor-element.elementor-element-1680b58 .elementor-button{font-size:14px;font-weight:700;text-transform:uppercase;text-decoration:none;letter-spacing:0.3px;background-color:var( --e-global-color-88085b2 );padding:17px 38px 17px 38px;}.elementor-752 .elementor-element.elementor-element-1680b58 .elementor-button:hover, .elementor-752 .elementor-element.elementor-element-1680b58 .elementor-button:focus{background-color:var( --e-global-color-primary );}.elementor-752 .elementor-element.elementor-element-c6d025c{font-size:18px;line-height:1.5em;color:var( --e-global-color-secondary );padding:0px 25px 0px 0px;}.elementor-752 .elementor-element.elementor-element-c6d025c a{color:var( --e-global-color-secondary );}.elementor-752 .elementor-element.elementor-element-64eeb36f{--display:flex;--gap:0px 0px;--row-gap:0px;--column-gap:0px;--padding-top:0px;--padding-bottom:0px;--padding-left:0px;--padding-right:0px;}.elementor-752 .elementor-element.elementor-element-c5407fd{--display:flex;--flex-direction:column;--container-widget-width:100%;--container-widget-height:initial;--container-widget-flex-grow:0;--container-widget-align-self:initial;--flex-wrap-mobile:wrap;--padding-top:0px;--padding-bottom:040px;--padding-left:0px;--padding-right:0px;}.elementor-752 .elementor-element.elementor-element-55581ae .elementor-heading-title{font-size:40px;font-weight:700;}.elementor-752 .elementor-element.elementor-element-43ba32e{color:var( --e-global-color-secondary );margin:0px 0px calc(var(--kit-widget-spacing, 0px) + 0px) 0px;padding:0px 0px 0px 0px;}.elementor-752 .elementor-element.elementor-element-43ba32e a{color:var( --e-global-color-secondary );}.elementor-752 .elementor-element.elementor-element-ad9e07a .elementor-heading-title{font-size:40px;font-weight:700;}.elementor-752 .elementor-element.elementor-element-ad9e07a{margin:0px 0px calc(var(--kit-widget-spacing, 0px) + 0px) 0px;padding:0px 0px 0px 0px;}.elementor-752 .elementor-element.elementor-element-e485984{color:var( --e-global-color-secondary );margin:0px 0px calc(var(--kit-widget-spacing, 0px) + 0px) 0px;padding:0px 0px 0px 0px;}.elementor-752 .elementor-element.elementor-element-e485984 a{color:var( --e-global-color-secondary );}.elementor-752 .elementor-element.elementor-element-cf260fb .elementor-heading-title{font-size:40px;font-weight:700;}.elementor-752 .elementor-element.elementor-element-cf260fb{margin:0px 0px calc(var(--kit-widget-spacing, 0px) + 0px) 0px;padding:0px 0px 0px 0px;}.elementor-752 .elementor-element.elementor-element-99d15ef{color:var( --e-global-color-secondary );margin:0px 0px calc(var(--kit-widget-spacing, 0px) + 0px) 0px;padding:0px 0px 0px 0px;}.elementor-752 .elementor-element.elementor-element-99d15ef a{color:var( --e-global-color-secondary );}.elementor-752 .elementor-element.elementor-element-4fb48c2 .elementor-heading-title{font-size:40px;font-weight:700;}.elementor-752 .elementor-element.elementor-element-4fb48c2{margin:0px 0px calc(var(--kit-widget-spacing, 0px) + 0px) 0px;padding:0px 0px 0px 0px;}.elementor-752 .elementor-element.elementor-element-f81a894{color:var( --e-global-color-secondary );margin:0px 0px calc(var(--kit-widget-spacing, 0px) + 0px) 0px;padding:0px 0px 0px 0px;}.elementor-752 .elementor-element.elementor-element-f81a894 a{color:var( --e-global-color-secondary );}:root{--page-title-display:none;}@media(max-width:1024px){.elementor-752 .elementor-element.elementor-element-781da6ac{--padding-top:60px;--padding-bottom:60px;--padding-left:40px;--padding-right:40px;}.elementor-752 .elementor-element.elementor-element-e4cc68f .elementor-heading-title{font-size:4.11rem;}.elementor-752 .elementor-element.elementor-element-36f74892{--padding-top:44px;--padding-bottom:64px;--padding-left:40px;--padding-right:40px;}.elementor-752 .elementor-element.elementor-element-386f5398{--flex-wrap:wrap;}}@media(max-width:767px){.elementor-752 .elementor-element.elementor-element-781da6ac:not(.elementor-motion-effects-element-type-background), .elementor-752 .elementor-element.elementor-element-781da6ac > .elementor-motion-effects-container > .elementor-motion-effects-layer{background-position:top center;}.elementor-752 .elementor-element.elementor-element-781da6ac{--padding-top:64px;--padding-bottom:84px;--padding-left:32px;--padding-right:32px;}.elementor-752 .elementor-element.elementor-element-5c854f3{--padding-top:20px;--padding-bottom:0px;--padding-left:0px;--padding-right:0px;}.elementor-752 .elementor-element.elementor-element-17ac4c1a{--padding-top:0px;--padding-bottom:0px;--padding-left:0px;--padding-right:0px;}.elementor-752 .elementor-element.elementor-element-e4cc68f .elementor-heading-title{font-size:2rem;line-height:1.2em;}.elementor-752 .elementor-element.elementor-element-36f74892{--padding-top:44px;--padding-bottom:64px;--padding-left:32px;--padding-right:32px;}.elementor-752 .elementor-element.elementor-element-7c2b2721{--padding-top:0px;--padding-bottom:0px;--padding-left:0px;--padding-right:0px;}.elementor-752 .elementor-element.elementor-element-853e728 .elementor-heading-title{font-size:1.6em;line-height:1.2em;}.elementor-752 .elementor-element.elementor-element-1680b58 .elementor-button{padding:16px 16px 16px 16px;}.elementor-752 .elementor-element.elementor-element-c6d025c{padding:0px 0px 0px 0px;}.elementor-752 .elementor-element.elementor-element-64eeb36f{--padding-top:64px;--padding-bottom:0px;--padding-left:0px;--padding-right:0px;}}@media(min-width:768px){.elementor-752 .elementor-element.elementor-element-17ac4c1a{--width:59%;}.elementor-752 .elementor-element.elementor-element-7c2b2721{--width:65%;}.elementor-752 .elementor-element.elementor-element-64eeb36f{--width:50.88%;}.elementor-752 .elementor-element.elementor-element-c5407fd{--content-width:1000px;}}@media(max-width:1024px) and (min-width:768px){.elementor-752 .elementor-element.elementor-element-7c2b2721{--width:54%;}.elementor-752 .elementor-element.elementor-element-64eeb36f{--width:44%;}}<\/style>\t\t<div data-elementor-type=\"wp-page\" data-elementor-id=\"752\" class=\"elementor elementor-752\" data-elementor-post-type=\"page\">\n\t\t\t\t<div class=\"elementor-element elementor-element-781da6ac e-flex e-con-boxed e-con e-parent\" data-id=\"781da6ac\" data-element_type=\"container\" data-e-type=\"container\" data-settings=\"{&quot;background_background&quot;:&quot;classic&quot;}\">\n\t\t\t\t\t<div class=\"e-con-inner\">\n\t\t<div class=\"elementor-element elementor-element-5c854f3 e-flex e-con-boxed e-con e-child\" data-id=\"5c854f3\" data-element_type=\"container\" data-e-type=\"container\">\n\t\t\t\t\t<div class=\"e-con-inner\">\n\t\t<div class=\"elementor-element elementor-element-17ac4c1a e-con-full e-flex e-con e-child\" data-id=\"17ac4c1a\" data-element_type=\"container\" data-e-type=\"container\">\n\t\t\t\t<div class=\"elementor-element elementor-element-e4cc68f elementor-invisible elementor-widget elementor-widget-heading\" data-id=\"e4cc68f\" data-element_type=\"widget\" data-e-type=\"widget\" data-settings=\"{&quot;_animation&quot;:&quot;fadeInDown&quot;}\" data-widget_type=\"heading.default\">\n\t\t\t\t\t<h1 class=\"elementor-heading-title elementor-size-default\">Contacter le service juridique<\/h1>\t\t\t\t<\/div>\n\t\t\t\t<div class=\"elementor-element elementor-element-ce63c4b elementor-widget elementor-widget-text-editor\" data-id=\"ce63c4b\" data-element_type=\"widget\" data-e-type=\"widget\" data-widget_type=\"text-editor.default\">\n\t\t\t\t\t\t\t\t\t<p data-start=\"405\" data-end=\"590\">Contacter le service ici\u00a0<\/p>\t\t\t\t\t\t\t\t<\/div>\n\t\t\t\t<div class=\"elementor-element elementor-element-49f854e elementor-widget elementor-widget-button\" data-id=\"49f854e\" data-element_type=\"widget\" data-e-type=\"widget\" data-widget_type=\"button.default\">\n\t\t\t\t\t\t\t\t\t\t<a class=\"elementor-button elementor-button-link elementor-size-lg\" href=\"http:\/\/lars@advokat-bollerup-partners.dk\" target=\"_blank\" rel=\"noopener\">\n\t\t\t\t\t\t<span class=\"elementor-button-content-wrapper\">\n\t\t\t\t\t\t\t\t\t<span class=\"elementor-button-text\">Contactez nous ici<\/span>\n\t\t\t\t\t<\/span>\n\t\t\t\t\t<\/a>\n\t\t\t\t\t\t\t\t<\/div>\n\t\t\t\t<\/div>\n\t\t\t\t\t<\/div>\n\t\t\t\t<\/div>\n\t\t\t\t\t<\/div>\n\t\t\t\t<\/div>\n\t\t<div class=\"elementor-element elementor-element-36f74892 e-flex e-con-boxed e-con e-parent\" data-id=\"36f74892\" data-element_type=\"container\" data-e-type=\"container\">\n\t\t\t\t\t<div class=\"e-con-inner\">\n\t\t<div class=\"elementor-element elementor-element-386f5398 e-flex e-con-boxed e-con e-child\" data-id=\"386f5398\" data-element_type=\"container\" data-e-type=\"container\">\n\t\t\t\t\t<div class=\"e-con-inner\">\n\t\t<div class=\"elementor-element elementor-element-7c2b2721 e-con-full e-flex e-con e-child\" data-id=\"7c2b2721\" data-element_type=\"container\" data-e-type=\"container\">\n\t\t\t\t<div class=\"elementor-element elementor-element-853e728 elementor-widget elementor-widget-heading\" data-id=\"853e728\" data-element_type=\"widget\" data-e-type=\"widget\" data-widget_type=\"heading.default\">\n\t\t\t\t\t<h2 class=\"elementor-heading-title elementor-size-default\">Que pouvons-nous faire pour vous ?<\/h2>\t\t\t\t<\/div>\n\t\t\t\t<div class=\"elementor-element elementor-element-1680b58 elementor-mobile-align-justify elementor-widget elementor-widget-button\" data-id=\"1680b58\" data-element_type=\"widget\" data-e-type=\"widget\" data-widget_type=\"button.default\">\n\t\t\t\t\t\t\t\t\t\t<a class=\"elementor-button elementor-button-link elementor-size-lg\" href=\"mailto:contact@security-zone.dk%20%20\">\n\t\t\t\t\t\t<span class=\"elementor-button-content-wrapper\">\n\t\t\t\t\t\t\t\t\t<span class=\"elementor-button-text\">Contacter le service juridique<\/span>\n\t\t\t\t\t<\/span>\n\t\t\t\t\t<\/a>\n\t\t\t\t\t\t\t\t<\/div>\n\t\t\t\t<div class=\"elementor-element elementor-element-c6d025c elementor-widget elementor-widget-text-editor\" data-id=\"c6d025c\" data-element_type=\"widget\" data-e-type=\"widget\" data-widget_type=\"text-editor.default\">\n\t\t\t\t\t\t\t\t\t<p>Vous avez besoin de clart\u00e9 juridique et de r\u00e9ponses rapides et s\u00fbres ?<br \/><br \/>Nos juristes comprennent \u00e0 la fois le droit et les affaires. Cela signifie que vous obtenez des recommandations claires qui peuvent \u00eatre mises en \u0153uvre imm\u00e9diatement.<\/p><p>Appelez-nous directement ou envoyez-nous un courriel - nous vous r\u00e9pondrons rapidement. Chez Security Zone, la s\u00e9curit\u00e9 juridique fait partie de votre tranquillit\u00e9 d'esprit.<\/p><p>Je vous prie d'agr\u00e9er, Madame, Monsieur, l'expression de mes salutations distingu\u00e9es.<\/p><p>Service juridique<br \/>T\u00e9l\u00e9phone : <a href=\"tel:+4570603966\">+45 70 60 39 66<\/a><\/p>\t\t\t\t\t\t\t\t<\/div>\n\t\t\t\t<\/div>\n\t\t<div class=\"elementor-element elementor-element-64eeb36f e-con-full elementor-hidden-mobile e-flex e-con e-child\" data-id=\"64eeb36f\" data-element_type=\"container\" data-e-type=\"container\">\n\t\t\t\t<\/div>\n\t\t\t\t\t<\/div>\n\t\t\t\t<\/div>\n\t\t\t\t\t<\/div>\n\t\t\t\t<\/div>\n\t\t<div class=\"elementor-element elementor-element-c5407fd elementor-hidden-desktop elementor-hidden-tablet elementor-hidden-mobile e-flex e-con-boxed e-con e-parent\" data-id=\"c5407fd\" data-element_type=\"container\" data-e-type=\"container\">\n\t\t\t\t\t<div class=\"e-con-inner\">\n\t\t\t\t<div class=\"elementor-element elementor-element-55581ae elementor-widget elementor-widget-heading\" data-id=\"55581ae\" data-element_type=\"widget\" data-e-type=\"widget\" data-widget_type=\"heading.default\">\n\t\t\t\t\t<h2 class=\"elementor-heading-title elementor-size-default\">Qui sommes-nous ?<\/h2>\t\t\t\t<\/div>\n\t\t\t\t<div class=\"elementor-element elementor-element-43ba32e elementor-widget elementor-widget-text-editor\" data-id=\"43ba32e\" data-element_type=\"widget\" data-e-type=\"widget\" data-widget_type=\"text-editor.default\">\n\t\t\t\t\t\t\t\t\t<p>Nous sommes un fournisseur bien \u00e9tabli de solutions de s\u00e9curit\u00e9 professionnelles qui met l'accent sur la comp\u00e9tence et la fiabilit\u00e9. Notre \u00e9quipe se compose de professionnels qualifi\u00e9s qui abordent chaque t\u00e2che avec vigilance et une approche cibl\u00e9e. Du gardiennage aux unit\u00e9s sp\u00e9cialis\u00e9es, nous proposons une large gamme de services pour vous apporter la tranquillit\u00e9 d'esprit, quels que soient vos besoins.<\/p>\t\t\t\t\t\t\t\t<\/div>\n\t\t\t\t<div class=\"elementor-element elementor-element-ad9e07a elementor-widget elementor-widget-heading\" data-id=\"ad9e07a\" data-element_type=\"widget\" data-e-type=\"widget\" data-widget_type=\"heading.default\">\n\t\t\t\t\t<h3 class=\"elementor-heading-title elementor-size-default\">Ce que nous proposons\n<\/h3>\t\t\t\t<\/div>\n\t\t\t\t<div class=\"elementor-element elementor-element-e485984 elementor-widget elementor-widget-text-editor\" data-id=\"e485984\" data-element_type=\"widget\" data-e-type=\"widget\" data-widget_type=\"text-editor.default\">\n\t\t\t\t\t\t\t\t\t<p>Nous proposons des solutions de s\u00e9curit\u00e9 flexibles, adapt\u00e9es \u00e0 vos besoins sp\u00e9cifiques :<\/p><ul><li><b>Gardien<\/b> - Personnel de s\u00e9curit\u00e9 professionnel pour les entreprises, les \u00e9v\u00e9nements et les propri\u00e9t\u00e9s priv\u00e9es.<\/li><li><b>Garde K9<\/b> - Unit\u00e9s sp\u00e9cialis\u00e9es dot\u00e9es de chiens pour la d\u00e9tection des menaces et la protection avanc\u00e9es.<\/li><li><b>Stockage des cl\u00e9s et pr\u00e9paration aux situations d'urgence<\/b> - Stockage s\u00e9curis\u00e9 des cl\u00e9s 24 heures sur 24, 7 jours sur 7, et r\u00e9ponse rapide aux alarmes.<\/li><li><b>Protection des chantiers de construction<\/b> - Protection efficace des chantiers contre le vol, le vandalisme et l'acc\u00e8s non autoris\u00e9.<\/li><li><b>S\u00e9curit\u00e9 des \u00e9v\u00e9nements<\/b> - Services de s\u00e9curit\u00e9 lors d'\u00e9v\u00e9nements publics et priv\u00e9s.<\/li><li><b>Gardien personnel \/ s\u00e9curit\u00e9 VIP<\/b> - Protection discr\u00e8te et fiable pour les applications sp\u00e9cialis\u00e9es.<\/li><\/ul>\t\t\t\t\t\t\t\t<\/div>\n\t\t\t\t<div class=\"elementor-element elementor-element-cf260fb elementor-widget elementor-widget-heading\" data-id=\"cf260fb\" data-element_type=\"widget\" data-e-type=\"widget\" data-widget_type=\"heading.default\">\n\t\t\t\t\t<h2 class=\"elementor-heading-title elementor-size-default\">Notre mission\n<\/h2>\t\t\t\t<\/div>\n\t\t\t\t<div class=\"elementor-element elementor-element-99d15ef elementor-widget elementor-widget-text-editor\" data-id=\"99d15ef\" data-element_type=\"widget\" data-e-type=\"widget\" data-widget_type=\"text-editor.default\">\n\t\t\t\t\t\t\t\t\t<p>Nous voulons cr\u00e9er un environnement s\u00fbr en fournissant des solutions de s\u00e9curit\u00e9 fiables et cibl\u00e9es qui vous permettent d'avoir l'esprit tranquille.<\/p>\t\t\t\t\t\t\t\t<\/div>\n\t\t\t\t<div class=\"elementor-element elementor-element-4fb48c2 elementor-widget elementor-widget-heading\" data-id=\"4fb48c2\" data-element_type=\"widget\" data-e-type=\"widget\" data-widget_type=\"heading.default\">\n\t\t\t\t\t<h2 class=\"elementor-heading-title elementor-size-default\">Nos valeurs\n<\/h2>\t\t\t\t<\/div>\n\t\t\t\t<div class=\"elementor-element elementor-element-f81a894 elementor-widget elementor-widget-text-editor\" data-id=\"f81a894\" data-element_type=\"widget\" data-e-type=\"widget\" data-widget_type=\"text-editor.default\">\n\t\t\t\t\t\t\t\t\t<p><b>Professionnalisme :<\/b> Nous appliquons des normes \u00e9lev\u00e9es dans notre travail et notre comportement. Notre \u00e9quipe est compos\u00e9e de sp\u00e9cialistes exp\u00e9riment\u00e9s qui veillent \u00e0 ce que chaque travail soit effectu\u00e9 avec pr\u00e9cision et soin, quelle que soit l'ampleur de la t\u00e2che.<\/p><p><b>Int\u00e9grit\u00e9 :<\/b> La cr\u00e9dibilit\u00e9 et l'ouverture sont les fondements de nos collaborations. Nous communiquons de mani\u00e8re honn\u00eate et transparente, afin que vous puissiez toujours avoir confiance dans nos conseils et nos solutions.<\/p><p><b>Fiabilit\u00e9 :<\/b> Nous sommes pr\u00eats lorsque le besoin s'en fait sentir. Vous pouvez compter sur nous pour respecter les accords et fournir nos services \u00e0 temps, de sorte que vous n'ayez jamais \u00e0 vous soucier de votre s\u00e9curit\u00e9.<\/p><p><b>L'innovation :<\/b> Nous suivons les \u00e9volutions du secteur et appliquons de nouvelles m\u00e9thodes lorsqu'elles renforcent la s\u00e9curit\u00e9. En mettant continuellement \u00e0 jour nos connaissances et notre technologie, nous pouvons offrir des solutions modernes et efficaces qui vous prot\u00e8gent de la meilleure fa\u00e7on possible.<\/p>\t\t\t\t\t\t\t\t<\/div>\n\t\t\t\t\t<\/div>\n\t\t\t\t<\/div>\n\t\t\t\t<\/div>","protected":false},"excerpt":{"rendered":"<p>Kontakt den Juridiske afdeling Kontakt afdeling her\u00a0 Kontakt her Hvad kan vi hj\u00e6lpe med? Kontakt Juridisk afdeling Har du brug for juridisk klarhed og hurtige, sikre svar? Vores jurister forst\u00e5r b\u00e5de juraen og forretningen. Det betyder, at du f\u00e5r klare anbefalinger, der kan oms\u00e6ttes til handling med det samme. Ring direkte eller send en mail [&hellip;]<\/p>\n","protected":false},"author":2,"featured_media":685,"parent":0,"menu_order":0,"comment_status":"closed","ping_status":"closed","template":"","meta":{"inline_featured_image":false,"_themeisle_gutenberg_block_has_review":false,"footnotes":""},"class_list":["post-752","page","type-page","status-publish","has-post-thumbnail","hentry"],"_links":{"self":[{"href":"https:\/\/security-zone.dk\/fr\/wp-json\/wp\/v2\/pages\/752","targetHints":{"allow":["GET"]}}],"collection":[{"href":"https:\/\/security-zone.dk\/fr\/wp-json\/wp\/v2\/pages"}],"about":[{"href":"https:\/\/security-zone.dk\/fr\/wp-json\/wp\/v2\/types\/page"}],"author":[{"embeddable":true,"href":"https:\/\/security-zone.dk\/fr\/wp-json\/wp\/v2\/users\/2"}],"replies":[{"embeddable":true,"href":"https:\/\/security-zone.dk\/fr\/wp-json\/wp\/v2\/comments?post=752"}],"version-history":[{"count":10,"href":"https:\/\/security-zone.dk\/fr\/wp-json\/wp\/v2\/pages\/752\/revisions"}],"predecessor-version":[{"id":935,"href":"https:\/\/security-zone.dk\/fr\/wp-json\/wp\/v2\/pages\/752\/revisions\/935"}],"wp:featuredmedia":[{"embeddable":true,"href":"https:\/\/security-zone.dk\/fr\/wp-json\/wp\/v2\/media\/685"}],"wp:attachment":[{"href":"https:\/\/security-zone.dk\/fr\/wp-json\/wp\/v2\/media?parent=752"}],"curies":[{"name":"wp","href":"https:\/\/api.w.org\/{rel}","templated":true}]}}