{"id":813,"date":"2026-01-28T07:08:48","date_gmt":"2026-01-28T07:08:48","guid":{"rendered":"https:\/\/security-zone.dk\/?page_id=813"},"modified":"2026-02-09T12:10:05","modified_gmt":"2026-02-09T12:10:05","slug":"nous-utilisons-des-cookies","status":"publish","type":"page","link":"https:\/\/security-zone.dk\/fr\/nous-utilisons-des-cookies\/","title":{"rendered":"Param\u00e8tres des cookies sur Security-Zone"},"content":{"rendered":"<style>.elementor-813 .elementor-element.elementor-element-781da6ac{--display:flex;--min-height:500px;--flex-direction:column;--container-widget-width:100%;--container-widget-height:initial;--container-widget-flex-grow:0;--container-widget-align-self:initial;--flex-wrap-mobile:wrap;--gap:0px 0px;--row-gap:0px;--column-gap:0px;--overlay-opacity:0.4;--padding-top:60px;--padding-bottom:40px;--padding-left:0px;--padding-right:0px;}.elementor-813 .elementor-element.elementor-element-781da6ac:not(.elementor-motion-effects-element-type-background), .elementor-813 .elementor-element.elementor-element-781da6ac > .elementor-motion-effects-container > .elementor-motion-effects-layer{background-image:url(\"https:\/\/security-zone.dk\/wp-content\/uploads\/2025\/12\/security-zone-sikkerhedspartnerskaber-1225-4.jpg\");background-position:center right;background-repeat:no-repeat;background-size:cover;}.elementor-813 .elementor-element.elementor-element-781da6ac::before, .elementor-813 .elementor-element.elementor-element-781da6ac > .elementor-background-video-container::before, .elementor-813 .elementor-element.elementor-element-781da6ac > .e-con-inner > .elementor-background-video-container::before, .elementor-813 .elementor-element.elementor-element-781da6ac > .elementor-background-slideshow::before, .elementor-813 .elementor-element.elementor-element-781da6ac > .e-con-inner > .elementor-background-slideshow::before, .elementor-813 .elementor-element.elementor-element-781da6ac > .elementor-motion-effects-container > .elementor-motion-effects-layer::before{--background-overlay:'';background-color:var( --e-global-color-primary );}.elementor-813 .elementor-element.elementor-element-5c854f3{--display:flex;--flex-direction:row;--container-widget-width:calc( ( 1 - var( --container-widget-flex-grow ) ) * 100% );--container-widget-height:100%;--container-widget-flex-grow:1;--container-widget-align-self:stretch;--flex-wrap-mobile:wrap;--justify-content:space-between;--align-items:center;--gap:0px 0px;--row-gap:0px;--column-gap:0px;--padding-top:46px;--padding-bottom:106px;--padding-left:0px;--padding-right:0px;}.elementor-813 .elementor-element.elementor-element-17ac4c1a{--display:flex;--gap:20px 0px;--row-gap:20px;--column-gap:0px;--padding-top:0px;--padding-bottom:0px;--padding-left:0px;--padding-right:0px;}.elementor-813 .elementor-element.elementor-element-17ac4c1a.e-con{--flex-grow:0;--flex-shrink:0;}.elementor-813 .elementor-element.elementor-element-e4cc68f .elementor-heading-title{font-family:\"Manrope\", Sans-serif;font-size:45px;font-weight:700;line-height:1.1em;color:var( --e-global-color-b820c45 );}.elementor-813 .elementor-element.elementor-element-e4cc68f{margin:0px 0px calc(var(--kit-widget-spacing, 0px) + 0px) 0px;padding:0px 0px 0px 0px;}.elementor-813 .elementor-element.elementor-element-ce63c4b{font-size:20px;color:var( --e-global-color-b820c45 );padding:0px 0px 0px 0px;}.elementor-813 .elementor-element.elementor-element-c5407fd{--display:flex;--flex-direction:column;--container-widget-width:100%;--container-widget-height:initial;--container-widget-flex-grow:0;--container-widget-align-self:initial;--flex-wrap-mobile:wrap;--padding-top:100px;--padding-bottom:80px;--padding-left:0px;--padding-right:0px;}.elementor-813 .elementor-element.elementor-element-55581ae .elementor-heading-title{font-size:40px;font-weight:700;}.elementor-813 .elementor-element.elementor-element-43ba32e{font-size:17px;line-height:1.5em;color:var( --e-global-color-secondary );padding:0px 25px 0px 0px;}.elementor-813 .elementor-element.elementor-element-43ba32e a{color:var( --e-global-color-secondary );}.elementor-813 .elementor-element.elementor-element-ad9e07a .elementor-heading-title{font-size:40px;font-weight:700;}.elementor-813 .elementor-element.elementor-element-ad9e07a{margin:0px 0px calc(var(--kit-widget-spacing, 0px) + 0px) 0px;padding:0px 0px 0px 0px;}.elementor-813 .elementor-element.elementor-element-cf260fb .elementor-heading-title{font-size:40px;font-weight:700;}.elementor-813 .elementor-element.elementor-element-cf260fb{margin:0px 0px calc(var(--kit-widget-spacing, 0px) + 0px) 0px;padding:0px 0px 0px 0px;}.elementor-813 .elementor-element.elementor-element-86a67bd{font-size:17px;line-height:1.5em;color:var( --e-global-color-secondary );padding:0px 25px 0px 0px;}.elementor-813 .elementor-element.elementor-element-86a67bd a{color:var( --e-global-color-secondary );}:root{--page-title-display:none;}@media(min-width:768px){.elementor-813 .elementor-element.elementor-element-17ac4c1a{--width:80%;}.elementor-813 .elementor-element.elementor-element-c5407fd{--content-width:1100px;}}@media(max-width:1024px){.elementor-813 .elementor-element.elementor-element-781da6ac{--padding-top:60px;--padding-bottom:60px;--padding-left:40px;--padding-right:40px;}.elementor-813 .elementor-element.elementor-element-e4cc68f .elementor-heading-title{font-size:4.11rem;}}@media(max-width:767px){.elementor-813 .elementor-element.elementor-element-781da6ac:not(.elementor-motion-effects-element-type-background), .elementor-813 .elementor-element.elementor-element-781da6ac > .elementor-motion-effects-container > .elementor-motion-effects-layer{background-position:top center;}.elementor-813 .elementor-element.elementor-element-781da6ac{--padding-top:64px;--padding-bottom:84px;--padding-left:32px;--padding-right:32px;}.elementor-813 .elementor-element.elementor-element-5c854f3{--padding-top:20px;--padding-bottom:0px;--padding-left:0px;--padding-right:0px;}.elementor-813 .elementor-element.elementor-element-17ac4c1a{--padding-top:0px;--padding-bottom:0px;--padding-left:0px;--padding-right:0px;}.elementor-813 .elementor-element.elementor-element-e4cc68f .elementor-heading-title{font-size:2rem;line-height:1.2em;}.elementor-813 .elementor-element.elementor-element-c5407fd{--padding-top:40px;--padding-bottom:40px;--padding-left:30px;--padding-right:30px;}.elementor-813 .elementor-element.elementor-element-55581ae .elementor-heading-title{font-size:1.6rem;line-height:1.2em;}.elementor-813 .elementor-element.elementor-element-43ba32e{padding:0px 0px 0px 0px;}.elementor-813 .elementor-element.elementor-element-ad9e07a .elementor-heading-title{font-size:1.6rem;}.elementor-813 .elementor-element.elementor-element-cf260fb .elementor-heading-title{font-size:1.6rem;line-height:1.2em;}.elementor-813 .elementor-element.elementor-element-86a67bd{padding:0px 0px 0px 0px;}}<\/style>\t\t<div data-elementor-type=\"wp-page\" data-elementor-id=\"813\" class=\"elementor elementor-813\" data-elementor-post-type=\"page\">\n\t\t\t\t<div class=\"elementor-element elementor-element-781da6ac e-flex e-con-boxed e-con e-parent\" data-id=\"781da6ac\" data-element_type=\"container\" data-e-type=\"container\" data-settings=\"{&quot;background_background&quot;:&quot;classic&quot;}\">\n\t\t\t\t\t<div class=\"e-con-inner\">\n\t\t<div class=\"elementor-element elementor-element-5c854f3 e-flex e-con-boxed e-con e-child\" data-id=\"5c854f3\" data-element_type=\"container\" data-e-type=\"container\">\n\t\t\t\t\t<div class=\"e-con-inner\">\n\t\t<div class=\"elementor-element elementor-element-17ac4c1a e-con-full e-flex e-con e-child\" data-id=\"17ac4c1a\" data-element_type=\"container\" data-e-type=\"container\">\n\t\t\t\t<div class=\"elementor-element elementor-element-e4cc68f elementor-invisible elementor-widget elementor-widget-heading\" data-id=\"e4cc68f\" data-element_type=\"widget\" data-e-type=\"widget\" data-settings=\"{&quot;_animation&quot;:&quot;fadeInDown&quot;}\" data-widget_type=\"heading.default\">\n\t\t\t\t\t<h1 class=\"elementor-heading-title elementor-size-default\">Param\u00e8tres des cookies<\/h1>\t\t\t\t<\/div>\n\t\t\t\t<div class=\"elementor-element elementor-element-ce63c4b elementor-widget elementor-widget-text-editor\" data-id=\"ce63c4b\" data-element_type=\"widget\" data-e-type=\"widget\" data-widget_type=\"text-editor.default\">\n\t\t\t\t\t\t\t\t\t<p data-start=\"405\" data-end=\"590\">Vous pouvez consulter ici notre politique en mati\u00e8re de cookies.<\/p>\t\t\t\t\t\t\t\t<\/div>\n\t\t\t\t<\/div>\n\t\t\t\t\t<\/div>\n\t\t\t\t<\/div>\n\t\t\t\t\t<\/div>\n\t\t\t\t<\/div>\n\t\t<div class=\"elementor-element elementor-element-c5407fd e-flex e-con-boxed e-con e-parent\" data-id=\"c5407fd\" data-element_type=\"container\" data-e-type=\"container\">\n\t\t\t\t\t<div class=\"e-con-inner\">\n\t\t\t\t<div class=\"elementor-element elementor-element-55581ae elementor-widget elementor-widget-heading\" data-id=\"55581ae\" data-element_type=\"widget\" data-e-type=\"widget\" data-widget_type=\"heading.default\">\n\t\t\t\t\t<h2 class=\"elementor-heading-title elementor-size-default\">Introduction<\/h2>\t\t\t\t<\/div>\n\t\t\t\t<div class=\"elementor-element elementor-element-43ba32e elementor-widget elementor-widget-text-editor\" data-id=\"43ba32e\" data-element_type=\"widget\" data-e-type=\"widget\" data-widget_type=\"text-editor.default\">\n\t\t\t\t\t\t\t\t\t<p>Security-Zone utilise des cookies sur www.security-zone.dk pour am\u00e9liorer et garantir un site web stable et convivial. Nous utilisons des cookies n\u00e9cessaires au fonctionnement du site web ainsi que des cookies statistiques qui nous aident \u00e0 analyser l'utilisation du site web et \u00e0 en am\u00e9liorer le contenu et la fonctionnalit\u00e9.<\/p><p>Lors de votre premi\u00e8re visite, il vous sera demand\u00e9 de choisir les types de cookies que vous souhaitez accepter. Vous pouvez modifier ou retirer votre consentement \u00e0 tout moment via les param\u00e8tres des cookies.<\/p>\t\t\t\t\t\t\t\t<\/div>\n\t\t\t\t<div class=\"elementor-element elementor-element-ad9e07a elementor-widget elementor-widget-heading\" data-id=\"ad9e07a\" data-element_type=\"widget\" data-e-type=\"widget\" data-widget_type=\"heading.default\">\n\t\t\t\t\t<h3 class=\"elementor-heading-title elementor-size-default\">Cookie<\/h3>\t\t\t\t<\/div>\n\t\t\t\t<div class=\"elementor-element elementor-element-28cabe4 elementor-widget elementor-widget-html\" data-id=\"28cabe4\" data-element_type=\"widget\" data-e-type=\"widget\" data-widget_type=\"html.default\">\n\t\t\t\t\t<script id=\"CookieDeclaration\" src=\"https:\/\/consent.cookiebot.com\/bbd4eaba-7e4f-462f-8471-76e7325886de\/cd.js\" type=\"text\/javascript\" async><\/script>\t\t\t\t<\/div>\n\t\t\t\t<div class=\"elementor-element elementor-element-cf260fb elementor-widget elementor-widget-heading\" data-id=\"cf260fb\" data-element_type=\"widget\" data-e-type=\"widget\" data-widget_type=\"heading.default\">\n\t\t\t\t\t<h3 class=\"elementor-heading-title elementor-size-default\">Comment supprimer les cookies dans votre navigateur<\/h3>\t\t\t\t<\/div>\n\t\t\t\t<div class=\"elementor-element elementor-element-86a67bd elementor-widget elementor-widget-text-editor\" data-id=\"86a67bd\" data-element_type=\"widget\" data-e-type=\"widget\" data-widget_type=\"text-editor.default\">\n\t\t\t\t\t\t\t\t\t<p>Si vous souhaitez supprimer vos cookies de votre navigateur, vous pouvez en savoir plus ici :<\/p><p>Chrome : <a href=\"https:\/\/support.google.com\/accounts\/answer\/32050\" target=\"_blank\" rel=\"noopener\">https:\/\/support.google.com\/accounts\/answer\/32050<\/a><br \/>Safari : <a href=\"https:\/\/support.apple.com\/en-in\/guide\/safari\/sfri11471\/mac\" target=\"_blank\" rel=\"noopener\">https:\/\/support.apple.com\/en-in\/guide\/safari\/sfri11471\/mac<\/a><br \/>Firefox : <a href=\"https:\/\/support.mozilla.org\/en-US\/kb\/clear-cookies-and-site-data-firefox?redirectslug=delete-cookies-remove-info-websites-stored&amp;redirectlocale=en-US\" target=\"_blank\" rel=\"noopener\">https:\/\/support.mozilla.org\/en-US\/kb\/clear-cookies-and-site-data-firefox?redirectslug=delete-cookies-remove-info-websites-stored&amp;redirectlocale=en-US<\/a><br \/>Internet Explorer : <a href=\"https:\/\/support.microsoft.com\/en-us\/topic\/how-to-delete-cookie-files-in-internet-explorer-bca9446f-d873-78de-77ba-d42645fa52fc\" target=\"_blank\" rel=\"noopener\">https:\/\/support.microsoft.com\/en-us\/topic\/how-to-delete-cookie-files-in-internet-explorer-bca9446f-d873-78de-77ba-d42645fa52fc<\/a><\/p><p>Si vous utilisez un autre navigateur web, veuillez consulter les documents d'assistance officiels de votre navigateur.<\/p><p><a href=\"https:\/\/seo-rapport.dk\/cookiehandtering\/\" target=\"_blank\" rel=\"noopener\">Pour en savoir plus sur la gestion des cookies, cliquez ici<\/a>.<\/p>\t\t\t\t\t\t\t\t<\/div>\n\t\t\t\t\t<\/div>\n\t\t\t\t<\/div>\n\t\t\t\t<\/div>","protected":false},"excerpt":{"rendered":"<p>Cookie-indstillinger Her kan du l\u00e6se om vores cookiepolitik. Introduktion Security-Zone anvender vi cookies p\u00e5 www.security-zone.dk for at forbedre og sikre en stabil og brugervenlig hjemmeside. Vi bruger n\u00f8dvendige cookies, som er p\u00e5kr\u00e6vet for sidens funktion, samt statistiske cookies, der hj\u00e6lper os med at analysere brugen af hjemmesiden og forbedre indhold og funktionalitet. Ved dit f\u00f8rste [&hellip;]<\/p>\n","protected":false},"author":2,"featured_media":685,"parent":0,"menu_order":0,"comment_status":"closed","ping_status":"closed","template":"","meta":{"inline_featured_image":false,"_themeisle_gutenberg_block_has_review":false,"footnotes":""},"class_list":["post-813","page","type-page","status-publish","has-post-thumbnail","hentry"],"_links":{"self":[{"href":"https:\/\/security-zone.dk\/fr\/wp-json\/wp\/v2\/pages\/813","targetHints":{"allow":["GET"]}}],"collection":[{"href":"https:\/\/security-zone.dk\/fr\/wp-json\/wp\/v2\/pages"}],"about":[{"href":"https:\/\/security-zone.dk\/fr\/wp-json\/wp\/v2\/types\/page"}],"author":[{"embeddable":true,"href":"https:\/\/security-zone.dk\/fr\/wp-json\/wp\/v2\/users\/2"}],"replies":[{"embeddable":true,"href":"https:\/\/security-zone.dk\/fr\/wp-json\/wp\/v2\/comments?post=813"}],"version-history":[{"count":10,"href":"https:\/\/security-zone.dk\/fr\/wp-json\/wp\/v2\/pages\/813\/revisions"}],"predecessor-version":[{"id":941,"href":"https:\/\/security-zone.dk\/fr\/wp-json\/wp\/v2\/pages\/813\/revisions\/941"}],"wp:featuredmedia":[{"embeddable":true,"href":"https:\/\/security-zone.dk\/fr\/wp-json\/wp\/v2\/media\/685"}],"wp:attachment":[{"href":"https:\/\/security-zone.dk\/fr\/wp-json\/wp\/v2\/media?parent=813"}],"curies":[{"name":"wp","href":"https:\/\/api.w.org\/{rel}","templated":true}]}}